{"id":140,"date":"2014-04-20T16:15:50","date_gmt":"2014-04-20T14:15:50","guid":{"rendered":"http:\/\/vdh-sindelfingen.de\/CMS\/?page_id=140"},"modified":"2014-04-30T19:02:16","modified_gmt":"2014-04-30T17:02:16","slug":"anfahrt","status":"publish","type":"page","link":"https:\/\/vdh-sindelfingen.de\/?page_id=140","title":{"rendered":"Anfahrt"},"content":{"rendered":"<p style=\"text-align: justify;\"><strong>Wegbeschreibung zum VdH Sindelfingen<\/strong><\/p>\n<p style=\"text-align: justify;\">(Eichholzer T\u00e4le, 71067 Sindelfingen)<\/p>\n<p style=\"text-align: justify;\"><strong>Stra\u00dfe f\u00fcrs Navigationssystem: <\/strong>Theodor-Heuss-Stra\u00dfe, 71067 Sindelfingen<strong><br \/>\n<\/strong><\/p>\n<p style=\"text-align: justify;\"><strong>Koordinaten f\u00fcrs Navigationssystem:<\/strong>\u00a0 N 48\u00b0 43\u2018 32\u2018\u2018, W 8\u00b0 59\u2018 50\u2018\u2018<\/p>\n<p style=\"text-align: justify;\">\n<p><iframe loading=\"lazy\" src=\"https:\/\/www.google.com\/maps\/embed?pb=!1m18!1m12!1m3!1d8349.699115883308!2d8.992550492059754!3d48.72458703225655!2m3!1f0!2f0!3f0!3m2!1i1024!2i768!4f13.1!3m3!1m2!1s0x0%3A0x0!2zNDjCsDQzJzMxLjUiTiA4wrA1OSc0NC4zIkU!5e1!3m2!1sde!2sde!4v1398877104957\" width=\"600\" height=\"450\" frameborder=\"0\" style=\"border:0\"><\/iframe><\/p>\n<p style=\"text-align: justify;\"><strong>von der A81 aus Richtung Stuttgart:<\/strong><br \/>\nVerlassen Sie die A81 an der Ausfahrt Sindelfingen Ost, dann rechts abbiegen in Richtung Sindelfingen. An der ersten Ampel biegen Sie rechts ab in die Wilhelm-Haspel-Stra\u00dfe, dieser sehr lange folgen. An der Ampelkreuzung geradeaus weiter (Hohenzollernstra\u00dfe) in Richtung Badezentrum, am Badezentrum vorbei, dann an der n\u00e4chsten Ampelkreuzung rechts abbiegen in Richtung Eichholz. Der Sommerhofenstra\u00dfe folgen bis zur Tankstelle, nach der Tankstelle wieder rechts abbiegen, wieder in Richtung Eichholz. Der Friedrich-Ebert-Stra\u00dfe weiter folgen bis in die Tempo30-Zone, an der rechts abknickenden Vorfahrtstra\u00dfe links abbiegen ins Wohngebiet (Theodor-Heuss-Str.). Dieser Stra\u00dfe weiter folgen in den Wald hinein, am Spielplatz links abbiegen und unten an der Weggabelung rechts abbiegen auf den Parkplatz des VdH Sindelfingen.<\/p>\n<p style=\"text-align: justify;\"><strong>von der A81 aus Richtung Herrenberg\/Singen:<\/strong><br \/>\nVerlassen Sie die A81 an der Ausfahrt B\u00f6blingen\/Sindelfingen, dann links in Richtung Sindelfingen abbiegen. Der Rudolf-Diesel-Stra\u00dfe weiter folgen, geradeaus durch die Unterf\u00fchrung, dann links bis zur n\u00e4chsten Ampelkreuzung. Hier immer weiter geradeaus, der Ziegelstra\u00dfe folgen, oben nach dem Brunnen rechts abbiegen in Richtung Leonberg. Der Leonberger Stra\u00dfe folgen, an der dritten gro\u00dfen Ampelkreuzung rechts in Richtung Eichholz abbiegen (Sommerhofenstr.). Vor der Tankstelle gleich wieder links abbiegen, wieder in Richtung Eichholz. Der Friedrich-Ebert-Stra\u00dfe weiter folgen bis in die Tempo30-Zone, an der rechts abknickenden Vorfahrtstra\u00dfe links abbiegen ins Wohngebiet (Theodor-Heuss-Str.).\u00a0 Dieser Stra\u00dfe weiter folgen in den Wald hinein, am Spielplatz links abbiegen und unten an der Weggabelung rechts abbiegen auf den Parkplatz des VdH Sindelfingen.<\/p>\n<p style=\"text-align: justify;\"><strong>von der A8 aus Richtung Karlsruhe\/A81 aus Richtung Heilbronn: <\/strong><br \/>\nVerlassen Sie die A8\/A81 an der Ausfahrt Leonberg, dann rechts Richtung Stuttgart\/Sindelfingen. Am Glemseck rechts abbiegen und weiter Richtung Sindelfingen\/Magstadt. Der Stra\u00dfe folgen bis zur Ampelkreuzung, hier rechts unter der Autobahn durch und danach gleich links abbiegen Richtung Sindelfingen. Dieser Stra\u00dfe folgen bis nach Sindelfingen hinein (Leonberger Str.), an der ersten Ampelkreuzung links abbiegen Richtung Eichholz (Sommerhofenstr.). Vor der Tankstelle gleich wieder links abbiegen, weiter in Richtung Eichholz. Der Friedrich-Ebert-Stra\u00dfe folgen bis in die Tempo 30-Zone, an der rechts abknickenden Vorfahrtstra\u00dfe links abbiegen ins Wohngebiet (Theodor-Heuss-Str.). Dieser Stra\u00dfe weiter folgen in den Wald hinein, am Spielplatz links abbiegen und unten an der Weggabelung rechts abbiegen auf den Parkplatz des VdH Sindelfingen.<\/p>\n","protected":false},"excerpt":{"rendered":"<p>Wegbeschreibung zum VdH Sindelfingen (Eichholzer T\u00e4le, 71067 Sindelfingen) Stra\u00dfe f\u00fcrs Navigationssystem: Theodor-Heuss-Stra\u00dfe, 71067 Sindelfingen Koordinaten f\u00fcrs Navigationssystem:\u00a0 N 48\u00b0 43\u2018 32\u2018\u2018, W 8\u00b0 59\u2018 50\u2018\u2018 von der A81 aus Richtung Stuttgart: Verlassen Sie die A81 an der Ausfahrt Sindelfingen Ost, dann rechts abbiegen in Richtung Sindelfingen. An der ersten Ampel biegen Sie rechts ab in &hellip; <\/p>\n<p><a class=\"more-link btn\" href=\"https:\/\/vdh-sindelfingen.de\/?page_id=140\">Weiterlesen<\/a><\/p>\n","protected":false},"author":4,"featured_media":0,"parent":31,"menu_order":0,"comment_status":"open","ping_status":"open","template":"template-twocolumnsleft.php","meta":{"pmpro_default_level":"","_mc_calendar":[],"footnotes":""},"class_list":["post-140","page","type-page","status-publish","hentry","pmpro-has-access","nodate","item-wrap"],"_links":{"self":[{"href":"https:\/\/vdh-sindelfingen.de\/index.php?rest_route=\/wp\/v2\/pages\/140","targetHints":{"allow":["GET"]}}],"collection":[{"href":"https:\/\/vdh-sindelfingen.de\/index.php?rest_route=\/wp\/v2\/pages"}],"about":[{"href":"https:\/\/vdh-sindelfingen.de\/index.php?rest_route=\/wp\/v2\/types\/page"}],"author":[{"embeddable":true,"href":"https:\/\/vdh-sindelfingen.de\/index.php?rest_route=\/wp\/v2\/users\/4"}],"replies":[{"embeddable":true,"href":"https:\/\/vdh-sindelfingen.de\/index.php?rest_route=%2Fwp%2Fv2%2Fcomments&post=140"}],"version-history":[{"count":0,"href":"https:\/\/vdh-sindelfingen.de\/index.php?rest_route=\/wp\/v2\/pages\/140\/revisions"}],"up":[{"embeddable":true,"href":"https:\/\/vdh-sindelfingen.de\/index.php?rest_route=\/wp\/v2\/pages\/31"}],"wp:attachment":[{"href":"https:\/\/vdh-sindelfingen.de\/index.php?rest_route=%2Fwp%2Fv2%2Fmedia&parent=140"}],"curies":[{"name":"wp","href":"https:\/\/api.w.org\/{rel}","templated":true}]}}