{"id":147,"date":"2014-04-20T16:18:15","date_gmt":"2014-04-20T14:18:15","guid":{"rendered":"http:\/\/vdh-sindelfingen.de\/CMS\/?page_id=147"},"modified":"2015-07-18T00:04:41","modified_gmt":"2015-07-17T22:04:41","slug":"vereinsgeschichte","status":"publish","type":"page","link":"https:\/\/vdh-sindelfingen.de\/?page_id=147","title":{"rendered":"Vereinsgeschichte"},"content":{"rendered":"<p style=\"text-align: justify;\"><strong>Entwicklung des Vereins zwischen den Weltkriegen<\/strong><\/p>\n<p style=\"text-align: justify;\">Nach dem Ende des ersten Weltkrieges begann das junge Vereinsleben mit mehreren Rassehundeausstellungen, bei der im Jahre 1920 sogar 250 ausgellte Hunde verzeichnet waren. Neben diesen Ausstellungen waren auch die Rattenf\u00e4ngerpr\u00fcfungen beim Publikum beliebt. Bei dieser Pr\u00fcfung mussten die Hunde in einem gro\u00dfen Viereck die im Reisig versteckten Ratten finden und tot bei\u00dfen. Sieger wurde der Hund, welcher in k\u00fcrzester Zeit die Ratten get\u00f6tet und sofort weiter gesucht hat.<\/p>\n<p style=\"text-align: justify;\">Der Verein besa\u00df lange keine Dressurabteilung. Erst im Jahr 1927 bei einer Vorf\u00fchrung eines Schutzhundes war die Begeisterung gro\u00df und es kam zu den Anf\u00e4ngen der Dressurarbeit.<\/p>\n<p style=\"text-align: justify;\">Im Jahr 1929 waren die Aktivit\u00e4ten fast erloschen und der Tiefgang im Vereinsleben erreicht. Es wurde die Aufl\u00f6sung des Vereins erwogen. Bei der Generalversammlung am 13.M\u00e4rz 1929 wurde der Fortgang beschlossen. Kameradschaft, reges Vereinsleben und die neu gegr\u00fcndete Dressurabteilung folgten. Erfolglos wurde ein Dressurleiter \u00fcber eine Anzeige in der Sindelfinger Zeitung gesucht.<\/p>\n<p style=\"text-align: justify;\">Zum 1. Dressurkurs im Eichholzer T\u00e4le traten 9 Sch\u00e4ferhunde, 1 Rottweiler, 1 Boxer und 1 Dobermann mit ihren F\u00fchrern an. Bei der 1. Dressurpr\u00fcfung im Jahr 1930 in Stuttgart legten 5 Hundef\u00fchrer Zeugnis ihrer bisherigen Leistungen ab.<\/p>\n<p style=\"text-align: justify;\">Die erste Schutzhundepr\u00fcfung des Vereins im Oktober 1931 wurde mit gro\u00dfen Vorbereitungen im Festgarten Eichholz mit 17 teilnehmenden Hunden durchgef\u00fchrt.<\/p>\n<p style=\"text-align: justify;\">Die \u201eWiedergeburt\u201c des Vereins war geschafft.<\/p>\n<p style=\"text-align: justify;\">Seit 1931 wurden nun die Hunde im Eichholzer T\u00e4le dressiert. Eine kurze Windhunderennbahn wurde ebenfalls gebaut. Alle Hundler waren dem Wetter ungesch\u00fctzt ausgeliefert und so bauten alle Mitglieder, unter der Leitung des damaligen Dressurwartes Karl Rathgeber, ein 8 x 4 m gro\u00dfes Vereinsheim. Somit verlagerte sich das Vereinsleben mehr und mehr ins Eichholzer T\u00e4le. Die Sommer-, Kinder- und Sch\u00fctzenfeste, sowie die Weihnachtsfeiern, fanden nun im neuen Vereinsheim statt. Man traf sich am Sonntag zum gemeinsamen Spaziergang mit dem Hund oder zum Kaffeetrinken.<\/p>\n<p style=\"text-align: justify;\">&#8230;folgt&#8230;<\/p>\n","protected":false},"excerpt":{"rendered":"<p>Entwicklung des Vereins zwischen den Weltkriegen Nach dem Ende des ersten Weltkrieges begann das junge Vereinsleben mit mehreren Rassehundeausstellungen, bei der im Jahre 1920 sogar 250 ausgellte Hunde verzeichnet waren. Neben diesen Ausstellungen waren auch die Rattenf\u00e4ngerpr\u00fcfungen beim Publikum beliebt. Bei dieser Pr\u00fcfung mussten die Hunde in einem gro\u00dfen Viereck die im Reisig versteckten Ratten &hellip; <\/p>\n<p><a class=\"more-link btn\" href=\"https:\/\/vdh-sindelfingen.de\/?page_id=147\">Weiterlesen<\/a><\/p>\n","protected":false},"author":4,"featured_media":0,"parent":0,"menu_order":0,"comment_status":"open","ping_status":"open","template":"","meta":{"pmpro_default_level":"","_mc_calendar":[],"footnotes":""},"class_list":["post-147","page","type-page","status-publish","hentry","pmpro-has-access","nodate","item-wrap"],"_links":{"self":[{"href":"https:\/\/vdh-sindelfingen.de\/index.php?rest_route=\/wp\/v2\/pages\/147","targetHints":{"allow":["GET"]}}],"collection":[{"href":"https:\/\/vdh-sindelfingen.de\/index.php?rest_route=\/wp\/v2\/pages"}],"about":[{"href":"https:\/\/vdh-sindelfingen.de\/index.php?rest_route=\/wp\/v2\/types\/page"}],"author":[{"embeddable":true,"href":"https:\/\/vdh-sindelfingen.de\/index.php?rest_route=\/wp\/v2\/users\/4"}],"replies":[{"embeddable":true,"href":"https:\/\/vdh-sindelfingen.de\/index.php?rest_route=%2Fwp%2Fv2%2Fcomments&post=147"}],"version-history":[{"count":0,"href":"https:\/\/vdh-sindelfingen.de\/index.php?rest_route=\/wp\/v2\/pages\/147\/revisions"}],"wp:attachment":[{"href":"https:\/\/vdh-sindelfingen.de\/index.php?rest_route=%2Fwp%2Fv2%2Fmedia&parent=147"}],"curies":[{"name":"wp","href":"https:\/\/api.w.org\/{rel}","templated":true}]}}