{"id":149,"date":"2014-04-20T16:18:33","date_gmt":"2014-04-20T14:18:33","guid":{"rendered":"http:\/\/vdh-sindelfingen.de\/CMS\/?page_id=149"},"modified":"2025-03-21T22:02:40","modified_gmt":"2025-03-21T20:02:40","slug":"uebungsleiter","status":"publish","type":"page","link":"https:\/\/vdh-sindelfingen.de\/?page_id=149","title":{"rendered":"\u00dcbungsleiter"},"content":{"rendered":"\n<p class=\"has-text-align-left\">Im Folgenden wird ein kurzer \u00dcberblick \u00fcber die Trainer, die bei Wind und Wetter auf dem Platz im T\u00e4le stehen, gegeben.<\/p>\n\n\n\n<p>F\u00fcr Fragen und Antworten stehen die Kontaktdaten zur jeweiligen Sparte in der Rubrik <a title=\"Spartenbetreuer\" href=\"http:\/\/vdh-sindelfingen.de\/?page_id=120\">Spartenbetreuer <\/a>zur Verf\u00fcgung.<\/p>\n\n\n\n<div class=\"wp-block-columns is-layout-flex wp-container-core-columns-is-layout-9d6595d7 wp-block-columns-is-layout-flex\">\n<div class=\"wp-block-column is-layout-flow wp-block-column-is-layout-flow\" style=\"flex-basis:100%\">\n<figure class=\"wp-block-gallery has-nested-images columns-default is-cropped wp-block-gallery-1 is-layout-flex wp-block-gallery-is-layout-flex\">\n<figure class=\"wp-block-image size-large\"><img loading=\"lazy\" decoding=\"async\" width=\"400\" height=\"600\" data-id=\"3397\" src=\"https:\/\/vdh-sindelfingen.de\/wp-content\/uploads\/Bild-1.jpg\" alt=\"\" class=\"wp-image-3397\" srcset=\"https:\/\/vdh-sindelfingen.de\/wp-content\/uploads\/Bild-1.jpg 400w, https:\/\/vdh-sindelfingen.de\/wp-content\/uploads\/Bild-1-200x300.jpg 200w\" sizes=\"auto, (max-width: 400px) 100vw, 400px\" \/><figcaption class=\"wp-element-caption\">Corinna &#8211; Agility Anf\u00e4nger<\/figcaption><\/figure>\n\n\n\n<figure class=\"wp-block-image size-large\"><img loading=\"lazy\" decoding=\"async\" width=\"600\" height=\"443\" data-id=\"1211\" src=\"https:\/\/vdh-sindelfingen.de\/wp-content\/uploads\/CIMG4985-640x472-e1425724995819.jpg\" alt=\"\" class=\"wp-image-1211\"\/><figcaption class=\"wp-element-caption\">Anke<\/figcaption><\/figure>\n\n\n\n<figure class=\"wp-block-image size-large\"><img loading=\"lazy\" decoding=\"async\" width=\"600\" height=\"400\" data-id=\"869\" src=\"https:\/\/vdh-sindelfingen.de\/wp-content\/uploads\/Steffi.jpg\" alt=\"\" class=\"wp-image-869\" srcset=\"https:\/\/vdh-sindelfingen.de\/wp-content\/uploads\/Steffi.jpg 600w, https:\/\/vdh-sindelfingen.de\/wp-content\/uploads\/Steffi-300x200.jpg 300w\" sizes=\"auto, (max-width: 600px) 100vw, 600px\" \/><figcaption class=\"wp-element-caption\">Steffi <\/figcaption><\/figure>\n\n\n\n<figure class=\"wp-block-image size-large\"><img loading=\"lazy\" decoding=\"async\" width=\"400\" height=\"600\" data-id=\"868\" src=\"https:\/\/vdh-sindelfingen.de\/wp-content\/uploads\/Tania1.jpg\" alt=\"\" class=\"wp-image-868\" srcset=\"https:\/\/vdh-sindelfingen.de\/wp-content\/uploads\/Tania1.jpg 400w, https:\/\/vdh-sindelfingen.de\/wp-content\/uploads\/Tania1-200x300.jpg 200w\" sizes=\"auto, (max-width: 400px) 100vw, 400px\" \/><figcaption class=\"wp-element-caption\">Tania &#8211; Agility<\/figcaption><\/figure>\n\n\n\n<figure class=\"wp-block-image size-large\"><img loading=\"lazy\" decoding=\"async\" width=\"1280\" height=\"960\" data-id=\"2731\" src=\"https:\/\/vdh-sindelfingen.de\/wp-content\/uploads\/Verena.jpg\" alt=\"\" class=\"wp-image-2731\" srcset=\"https:\/\/vdh-sindelfingen.de\/wp-content\/uploads\/Verena.jpg 1280w, https:\/\/vdh-sindelfingen.de\/wp-content\/uploads\/Verena-300x225.jpg 300w, https:\/\/vdh-sindelfingen.de\/wp-content\/uploads\/Verena-768x576.jpg 768w, https:\/\/vdh-sindelfingen.de\/wp-content\/uploads\/Verena-1024x768.jpg 1024w\" sizes=\"auto, (max-width: 1280px) 100vw, 1280px\" \/><figcaption class=\"wp-element-caption\">Verena &#8211; Anf\u00e4nger<\/figcaption><\/figure>\n\n\n\n<figure class=\"wp-block-image size-large\"><img loading=\"lazy\" decoding=\"async\" width=\"1069\" height=\"662\" data-id=\"2903\" src=\"https:\/\/vdh-sindelfingen.de\/wp-content\/uploads\/22383964_179058952652777_7487347041315044732_o.jpg\" alt=\"\" class=\"wp-image-2903\" srcset=\"https:\/\/vdh-sindelfingen.de\/wp-content\/uploads\/22383964_179058952652777_7487347041315044732_o.jpg 1069w, https:\/\/vdh-sindelfingen.de\/wp-content\/uploads\/22383964_179058952652777_7487347041315044732_o-300x186.jpg 300w, https:\/\/vdh-sindelfingen.de\/wp-content\/uploads\/22383964_179058952652777_7487347041315044732_o-768x476.jpg 768w, https:\/\/vdh-sindelfingen.de\/wp-content\/uploads\/22383964_179058952652777_7487347041315044732_o-1024x634.jpg 1024w\" sizes=\"auto, (max-width: 1069px) 100vw, 1069px\" \/><figcaption class=\"wp-element-caption\">Christina &#8211; Agility<\/figcaption><\/figure>\n\n\n\n<figure class=\"wp-block-image size-large\"><img loading=\"lazy\" decoding=\"async\" width=\"1200\" height=\"1252\" data-id=\"3238\" src=\"https:\/\/vdh-sindelfingen.de\/wp-content\/uploads\/Nessi-mit-Ela-e1586370989202.jpeg\" alt=\"\" class=\"wp-image-3238\" srcset=\"https:\/\/vdh-sindelfingen.de\/wp-content\/uploads\/Nessi-mit-Ela-e1586370989202.jpeg 1200w, https:\/\/vdh-sindelfingen.de\/wp-content\/uploads\/Nessi-mit-Ela-e1586370989202-288x300.jpeg 288w, https:\/\/vdh-sindelfingen.de\/wp-content\/uploads\/Nessi-mit-Ela-e1586370989202-768x801.jpeg 768w, https:\/\/vdh-sindelfingen.de\/wp-content\/uploads\/Nessi-mit-Ela-e1586370989202-981x1024.jpeg 981w\" sizes=\"auto, (max-width: 1200px) 100vw, 1200px\" \/><figcaption class=\"wp-element-caption\">Nessi &#8211; Rally Obedience Anf\u00e4nger \/ Agility Fortgeschritten<\/figcaption><\/figure>\n\n\n\n<figure class=\"wp-block-image size-large\"><img loading=\"lazy\" decoding=\"async\" width=\"427\" height=\"640\" data-id=\"1330\" src=\"https:\/\/vdh-sindelfingen.de\/wp-content\/uploads\/Steffi-427x640.jpg\" alt=\"\" class=\"wp-image-1330\" srcset=\"https:\/\/vdh-sindelfingen.de\/wp-content\/uploads\/Steffi-427x640.jpg 427w, https:\/\/vdh-sindelfingen.de\/wp-content\/uploads\/Steffi-427x640-200x300.jpg 200w\" sizes=\"auto, (max-width: 427px) 100vw, 427px\" \/><figcaption class=\"wp-element-caption\">Steffi &#8211; Agility<\/figcaption><\/figure>\n\n\n\n<figure class=\"wp-block-image size-large\"><img loading=\"lazy\" decoding=\"async\" width=\"2048\" height=\"1851\" data-id=\"3885\" src=\"https:\/\/vdh-sindelfingen.de\/wp-content\/uploads\/Matilda.jpg\" alt=\"\" class=\"wp-image-3885\" srcset=\"https:\/\/vdh-sindelfingen.de\/wp-content\/uploads\/Matilda.jpg 2048w, https:\/\/vdh-sindelfingen.de\/wp-content\/uploads\/Matilda-300x271.jpg 300w, https:\/\/vdh-sindelfingen.de\/wp-content\/uploads\/Matilda-1024x926.jpg 1024w, https:\/\/vdh-sindelfingen.de\/wp-content\/uploads\/Matilda-768x694.jpg 768w, https:\/\/vdh-sindelfingen.de\/wp-content\/uploads\/Matilda-1536x1388.jpg 1536w, https:\/\/vdh-sindelfingen.de\/wp-content\/uploads\/Matilda-750x678.jpg 750w\" sizes=\"auto, (max-width: 2048px) 100vw, 2048px\" \/><figcaption class=\"wp-element-caption\">Matilda &#8211; Jugend<\/figcaption><\/figure>\n\n\n\n<figure class=\"wp-block-image size-large\"><img loading=\"lazy\" decoding=\"async\" width=\"1631\" height=\"2048\" data-id=\"3880\" src=\"https:\/\/vdh-sindelfingen.de\/wp-content\/uploads\/Brigitte-1.jpg\" alt=\"\" class=\"wp-image-3880\" srcset=\"https:\/\/vdh-sindelfingen.de\/wp-content\/uploads\/Brigitte-1.jpg 1631w, https:\/\/vdh-sindelfingen.de\/wp-content\/uploads\/Brigitte-1-239x300.jpg 239w, https:\/\/vdh-sindelfingen.de\/wp-content\/uploads\/Brigitte-1-816x1024.jpg 816w, https:\/\/vdh-sindelfingen.de\/wp-content\/uploads\/Brigitte-1-768x964.jpg 768w, https:\/\/vdh-sindelfingen.de\/wp-content\/uploads\/Brigitte-1-1223x1536.jpg 1223w, https:\/\/vdh-sindelfingen.de\/wp-content\/uploads\/Brigitte-1-750x942.jpg 750w\" sizes=\"auto, (max-width: 1631px) 100vw, 1631px\" \/><figcaption class=\"wp-element-caption\">Brigitte &#8211; Rally Obedience Anf\u00e4nger<\/figcaption><\/figure>\n\n\n\n<figure class=\"wp-block-image size-large\"><img loading=\"lazy\" decoding=\"async\" width=\"945\" height=\"1244\" data-id=\"3884\" src=\"https:\/\/vdh-sindelfingen.de\/wp-content\/uploads\/Svenja-e1651866020604.jpg\" alt=\"\" class=\"wp-image-3884\" srcset=\"https:\/\/vdh-sindelfingen.de\/wp-content\/uploads\/Svenja-e1651866020604.jpg 945w, https:\/\/vdh-sindelfingen.de\/wp-content\/uploads\/Svenja-e1651866020604-228x300.jpg 228w, https:\/\/vdh-sindelfingen.de\/wp-content\/uploads\/Svenja-e1651866020604-778x1024.jpg 778w, https:\/\/vdh-sindelfingen.de\/wp-content\/uploads\/Svenja-e1651866020604-768x1011.jpg 768w, https:\/\/vdh-sindelfingen.de\/wp-content\/uploads\/Svenja-e1651866020604-750x987.jpg 750w\" sizes=\"auto, (max-width: 945px) 100vw, 945px\" \/><figcaption class=\"wp-element-caption\">Svenja &#8211; Jugend<\/figcaption><\/figure>\n\n\n\n<figure class=\"wp-block-image size-large\"><img loading=\"lazy\" decoding=\"async\" width=\"2048\" height=\"1362\" data-id=\"3913\" src=\"https:\/\/vdh-sindelfingen.de\/wp-content\/uploads\/Celina-1.jpg\" alt=\"\" class=\"wp-image-3913\" srcset=\"https:\/\/vdh-sindelfingen.de\/wp-content\/uploads\/Celina-1.jpg 2048w, https:\/\/vdh-sindelfingen.de\/wp-content\/uploads\/Celina-1-300x200.jpg 300w, https:\/\/vdh-sindelfingen.de\/wp-content\/uploads\/Celina-1-1024x681.jpg 1024w, https:\/\/vdh-sindelfingen.de\/wp-content\/uploads\/Celina-1-768x511.jpg 768w, https:\/\/vdh-sindelfingen.de\/wp-content\/uploads\/Celina-1-1536x1022.jpg 1536w, https:\/\/vdh-sindelfingen.de\/wp-content\/uploads\/Celina-1-750x499.jpg 750w\" sizes=\"auto, (max-width: 2048px) 100vw, 2048px\" \/><figcaption class=\"wp-element-caption\">Celina &#8211; Hoopers \/ Obedience <\/figcaption><\/figure>\n\n\n\n<figure class=\"wp-block-image size-large\"><img loading=\"lazy\" decoding=\"async\" width=\"2048\" height=\"1362\" data-id=\"3947\" src=\"https:\/\/vdh-sindelfingen.de\/wp-content\/uploads\/Simone_1.jpg\" alt=\"\" class=\"wp-image-3947\" srcset=\"https:\/\/vdh-sindelfingen.de\/wp-content\/uploads\/Simone_1.jpg 2048w, https:\/\/vdh-sindelfingen.de\/wp-content\/uploads\/Simone_1-300x200.jpg 300w, https:\/\/vdh-sindelfingen.de\/wp-content\/uploads\/Simone_1-1024x681.jpg 1024w, https:\/\/vdh-sindelfingen.de\/wp-content\/uploads\/Simone_1-768x511.jpg 768w, https:\/\/vdh-sindelfingen.de\/wp-content\/uploads\/Simone_1-1536x1022.jpg 1536w, https:\/\/vdh-sindelfingen.de\/wp-content\/uploads\/Simone_1-750x499.jpg 750w\" sizes=\"auto, (max-width: 2048px) 100vw, 2048px\" \/><figcaption class=\"wp-element-caption\">Simone &#8211; Obedience<\/figcaption><\/figure>\n<\/figure>\n<\/div>\n<\/div>\n\n\n\n<p><\/p>\n","protected":false},"excerpt":{"rendered":"<p>Im Folgenden wird ein kurzer \u00dcberblick \u00fcber die Trainer, die bei Wind und Wetter auf dem Platz im T\u00e4le stehen, gegeben. F\u00fcr Fragen und Antworten stehen die Kontaktdaten zur jeweiligen Sparte in der Rubrik Spartenbetreuer zur Verf\u00fcgung.<\/p>\n","protected":false},"author":4,"featured_media":819,"parent":34,"menu_order":0,"comment_status":"open","ping_status":"open","template":"","meta":{"pmpro_default_level":"","_mc_calendar":[],"footnotes":""},"class_list":["post-149","page","type-page","status-publish","has-post-thumbnail","hentry","pmpro-has-access","nodate","item-wrap"],"_links":{"self":[{"href":"https:\/\/vdh-sindelfingen.de\/index.php?rest_route=\/wp\/v2\/pages\/149","targetHints":{"allow":["GET"]}}],"collection":[{"href":"https:\/\/vdh-sindelfingen.de\/index.php?rest_route=\/wp\/v2\/pages"}],"about":[{"href":"https:\/\/vdh-sindelfingen.de\/index.php?rest_route=\/wp\/v2\/types\/page"}],"author":[{"embeddable":true,"href":"https:\/\/vdh-sindelfingen.de\/index.php?rest_route=\/wp\/v2\/users\/4"}],"replies":[{"embeddable":true,"href":"https:\/\/vdh-sindelfingen.de\/index.php?rest_route=%2Fwp%2Fv2%2Fcomments&post=149"}],"version-history":[{"count":31,"href":"https:\/\/vdh-sindelfingen.de\/index.php?rest_route=\/wp\/v2\/pages\/149\/revisions"}],"predecessor-version":[{"id":4519,"href":"https:\/\/vdh-sindelfingen.de\/index.php?rest_route=\/wp\/v2\/pages\/149\/revisions\/4519"}],"up":[{"embeddable":true,"href":"https:\/\/vdh-sindelfingen.de\/index.php?rest_route=\/wp\/v2\/pages\/34"}],"wp:featuredmedia":[{"embeddable":true,"href":"https:\/\/vdh-sindelfingen.de\/index.php?rest_route=\/wp\/v2\/media\/819"}],"wp:attachment":[{"href":"https:\/\/vdh-sindelfingen.de\/index.php?rest_route=%2Fwp%2Fv2%2Fmedia&parent=149"}],"curies":[{"name":"wp","href":"https:\/\/api.w.org\/{rel}","templated":true}]}}