{"id":157,"date":"2014-04-20T16:21:12","date_gmt":"2014-04-20T14:21:12","guid":{"rendered":"http:\/\/vdh-sindelfingen.de\/CMS\/?page_id=157"},"modified":"2022-01-23T22:44:11","modified_gmt":"2022-01-23T20:44:11","slug":"aufbaukurs","status":"publish","type":"page","link":"https:\/\/vdh-sindelfingen.de\/?page_id=157","title":{"rendered":"Begleithundekurs &#8211; Jetzt wird es ernst!"},"content":{"rendered":"<p style=\"text-align: justify;\"><em><strong>Kurszeiten:<\/strong><\/em><\/p>\n<p style=\"text-align: justify;\">Der Begleithundekurs findet nach Bedarf statt. Sollte die Begleithundepr\u00fcfung f\u00fcr dich notwendig werden, k\u00f6nnt ihr weitere Infos \u00fcber euren Kursleiter erfragen.<\/p>\n\n\t\t<style type=\"text\/css\">\n\t\t\t#gallery-1 {\n\t\t\t\tmargin: auto;\n\t\t\t}\n\t\t\t#gallery-1 .gallery-item {\n\t\t\t\tfloat: left;\n\t\t\t\tmargin-top: 10px;\n\t\t\t\ttext-align: center;\n\t\t\t\twidth: 33%;\n\t\t\t}\n\t\t\t#gallery-1 img {\n\t\t\t\tborder: 2px solid #cfcfcf;\n\t\t\t}\n\t\t\t#gallery-1 .gallery-caption {\n\t\t\t\tmargin-left: 0;\n\t\t\t}\n\t\t\t\/* see gallery_shortcode() in wp-includes\/media.php *\/\n\t\t<\/style>\n\t\t<div id='gallery-1' class='gallery galleryid-157 gallery-columns-3 gallery-size-thumbnail'><dl class='gallery-item'>\n\t\t\t<dt class='gallery-icon landscape'>\n\t\t\t\t<a href='https:\/\/vdh-sindelfingen.de\/wp-content\/uploads\/IMG_8371.jpg'><img loading=\"lazy\" decoding=\"async\" width=\"150\" height=\"150\" src=\"https:\/\/vdh-sindelfingen.de\/wp-content\/uploads\/IMG_8371-150x150.jpg\" class=\"attachment-thumbnail size-thumbnail\" alt=\"\" \/><\/a>\n\t\t\t<\/dt><\/dl><dl class='gallery-item'>\n\t\t\t<dt class='gallery-icon landscape'>\n\t\t\t\t<a href='https:\/\/vdh-sindelfingen.de\/wp-content\/uploads\/IMG_8366.jpg'><img loading=\"lazy\" decoding=\"async\" width=\"150\" height=\"150\" src=\"https:\/\/vdh-sindelfingen.de\/wp-content\/uploads\/IMG_8366-150x150.jpg\" class=\"attachment-thumbnail size-thumbnail\" alt=\"\" \/><\/a>\n\t\t\t<\/dt><\/dl>\n\t\t\t<br style='clear: both' \/>\n\t\t<\/div>\n\n<p style=\"text-align: justify;\"><strong><em>Kursinhalte:<\/em><br \/>\n<\/strong><\/p>\n<p>Der Begleithundekurs dient zur Vorbereitung auf die Begleithundepr\u00fcfung, die f\u00fcr die alle Mensch-Hund-Teams den Einstieg in den Hundesport darstellt.<br \/>\nGepr\u00fcft werden der Gehorsam des Hundes in der Unterordnung sowie sein Verhalten in der \u00d6ffentlichkeit, z.B. beim Zusammentreffen mit Menschengruppen, Joggern oder Radfahrern. Die Begleithundepr\u00fcfung ist die Grundlage f\u00fcr die Teilnahme an weiteren Pr\u00fcfungen und Wettk\u00e4mpfen im Hundesport, z.B. Agility, Obedience, VPG oder THS.<\/p>\n<p style=\"text-align: justify;\">Die Begleithundepr\u00fcfung (=BH) besteht aus zwei Teilen, der Unterordnung auf dem \u00dcbungsplatz und dem Verkehrsteil in der \u00d6ffentlichkeit. Voraussetzung zur Teilnahme an der Pr\u00fcfung ist das Bestehen einer theoretischen Pr\u00fcfung (Sachkundenachweis).<\/p>\n<p style=\"text-align: justify;\">Der Vorbereitungskurs gibt Einblicke in den theoretischen sowie den Verkehrsteil, besch\u00e4ftigt sich aber vor allem mit der Vorbereitung auf den Unterordnungsteil. Es wird gro\u00dfen Wert auf das Erlernen von sauberer und motivierter Fu\u00dfarbeit gelegt, mit und ohne Leine, in Wendungen, Menschengruppen und bei Tempowechseln. Ein weiterer Schwerpunkt ist das korrekte Ausf\u00fchren der technischen \u00dcbungen wie Sitz- und Platz\u00fcbung mit Heranrufen, Vorsitzen und Umwechseln in die Grundstellung. Zudem m\u00fcssen die Hunde, w\u00e4hrend ein anderes Team seinen Unterordnungsteil absolviert, unangeleint in einer Entfernung von 30 Schritten zum Hundef\u00fchrer abliegen. Auch diese \u00dcbung wird intensiv trainiert.<\/p>\n<p style=\"text-align: justify;\"><em><strong>Voraussetzungen:<\/strong><\/em><\/p>\n<p>Der Hund ist<\/p>\n<p>\u2013 \u00e4lter als 12 Monate<\/p>\n<p>&#8211; am Pr\u00fcfungstag \u00e4lter als 15 Monate,<\/p>\n<p>&#8211; geimpft,<\/p>\n<p>&#8211; gechipt\/t\u00e4towiert<\/p>\n<p>\u2013 haftpflichtversichert.<\/p>\n<p>Der Hundef\u00fchrer muss<\/p>\n<p>&#8211; Mitglied im Hundeverein sein.<\/p>\n<p><em><strong>Bitte bringen Sie<\/strong> <\/em><\/p>\n<p>\u2013 den <strong>Impfpass,<\/strong><\/p>\n<p>\u2013 den <strong>Versicherungsnachweis,<\/strong><\/p>\n<p>\u2013<strong> eine normale, kurze Leine<\/strong> (1m, keine \u00d6sen),<\/p>\n<p>\u2013 viele <strong>kleine, weiche Lerckerchen <\/strong>(am einfachsten sind kleine Wurst- oder K\u00e4sest\u00fcckchen)<\/p>\n<p>mit.<\/p>\n\n\t\t<style type=\"text\/css\">\n\t\t\t#gallery-2 {\n\t\t\t\tmargin: auto;\n\t\t\t}\n\t\t\t#gallery-2 .gallery-item {\n\t\t\t\tfloat: left;\n\t\t\t\tmargin-top: 10px;\n\t\t\t\ttext-align: center;\n\t\t\t\twidth: 33%;\n\t\t\t}\n\t\t\t#gallery-2 img {\n\t\t\t\tborder: 2px solid #cfcfcf;\n\t\t\t}\n\t\t\t#gallery-2 .gallery-caption {\n\t\t\t\tmargin-left: 0;\n\t\t\t}\n\t\t\t\/* see gallery_shortcode() in wp-includes\/media.php *\/\n\t\t<\/style>\n\t\t<div id='gallery-2' class='gallery galleryid-157 gallery-columns-3 gallery-size-thumbnail'><dl class='gallery-item'>\n\t\t\t<dt class='gallery-icon landscape'>\n\t\t\t\t<a href='https:\/\/vdh-sindelfingen.de\/wp-content\/uploads\/IMG_8352.jpg'><img loading=\"lazy\" decoding=\"async\" width=\"150\" height=\"150\" src=\"https:\/\/vdh-sindelfingen.de\/wp-content\/uploads\/IMG_8352-150x150.jpg\" class=\"attachment-thumbnail size-thumbnail\" alt=\"\" \/><\/a>\n\t\t\t<\/dt><\/dl><dl class='gallery-item'>\n\t\t\t<dt class='gallery-icon landscape'>\n\t\t\t\t<a href='https:\/\/vdh-sindelfingen.de\/wp-content\/uploads\/IMG_8324.jpg'><img loading=\"lazy\" decoding=\"async\" width=\"150\" height=\"150\" src=\"https:\/\/vdh-sindelfingen.de\/wp-content\/uploads\/IMG_8324-150x150.jpg\" class=\"attachment-thumbnail size-thumbnail\" alt=\"\" \/><\/a>\n\t\t\t<\/dt><\/dl><dl class='gallery-item'>\n\t\t\t<dt class='gallery-icon landscape'>\n\t\t\t\t<a href='https:\/\/vdh-sindelfingen.de\/wp-content\/uploads\/IMG_8357.jpg'><img loading=\"lazy\" decoding=\"async\" width=\"150\" height=\"150\" src=\"https:\/\/vdh-sindelfingen.de\/wp-content\/uploads\/IMG_8357-150x150.jpg\" class=\"attachment-thumbnail size-thumbnail\" alt=\"\" \/><\/a>\n\t\t\t<\/dt><\/dl><br style=\"clear: both\" \/><dl class='gallery-item'>\n\t\t\t<dt class='gallery-icon landscape'>\n\t\t\t\t<a href='https:\/\/vdh-sindelfingen.de\/wp-content\/uploads\/IMG_8340.jpg'><img loading=\"lazy\" decoding=\"async\" width=\"150\" height=\"150\" src=\"https:\/\/vdh-sindelfingen.de\/wp-content\/uploads\/IMG_8340-150x150.jpg\" class=\"attachment-thumbnail size-thumbnail\" alt=\"\" \/><\/a>\n\t\t\t<\/dt><\/dl><dl class='gallery-item'>\n\t\t\t<dt class='gallery-icon landscape'>\n\t\t\t\t<a href='https:\/\/vdh-sindelfingen.de\/wp-content\/uploads\/IMG_8335.jpg'><img loading=\"lazy\" decoding=\"async\" width=\"150\" height=\"150\" src=\"https:\/\/vdh-sindelfingen.de\/wp-content\/uploads\/IMG_8335-150x150.jpg\" class=\"attachment-thumbnail size-thumbnail\" alt=\"\" \/><\/a>\n\t\t\t<\/dt><\/dl><dl class='gallery-item'>\n\t\t\t<dt class='gallery-icon landscape'>\n\t\t\t\t<a href='https:\/\/vdh-sindelfingen.de\/wp-content\/uploads\/IMG_8344.jpg'><img loading=\"lazy\" decoding=\"async\" width=\"150\" height=\"150\" src=\"https:\/\/vdh-sindelfingen.de\/wp-content\/uploads\/IMG_8344-150x150.jpg\" class=\"attachment-thumbnail size-thumbnail\" alt=\"\" \/><\/a>\n\t\t\t<\/dt><\/dl><br style=\"clear: both\" \/>\n\t\t<\/div>\n\n","protected":false},"excerpt":{"rendered":"<p>Kurszeiten: Der Begleithundekurs findet nach Bedarf statt. Sollte die Begleithundepr\u00fcfung f\u00fcr dich notwendig werden, k\u00f6nnt ihr weitere Infos \u00fcber euren Kursleiter erfragen. Kursinhalte: Der Begleithundekurs dient zur Vorbereitung auf die Begleithundepr\u00fcfung, die f\u00fcr die alle Mensch-Hund-Teams den Einstieg in den Hundesport darstellt. Gepr\u00fcft werden der Gehorsam des Hundes in der Unterordnung sowie sein Verhalten in &hellip; <\/p>\n<p><a class=\"more-link btn\" href=\"https:\/\/vdh-sindelfingen.de\/?page_id=157\">Weiterlesen<\/a><\/p>\n","protected":false},"author":4,"featured_media":859,"parent":20,"menu_order":0,"comment_status":"open","ping_status":"open","template":"","meta":{"pmpro_default_level":"","_mc_calendar":[],"footnotes":""},"class_list":["post-157","page","type-page","status-publish","has-post-thumbnail","hentry","pmpro-has-access","nodate","item-wrap"],"_links":{"self":[{"href":"https:\/\/vdh-sindelfingen.de\/index.php?rest_route=\/wp\/v2\/pages\/157","targetHints":{"allow":["GET"]}}],"collection":[{"href":"https:\/\/vdh-sindelfingen.de\/index.php?rest_route=\/wp\/v2\/pages"}],"about":[{"href":"https:\/\/vdh-sindelfingen.de\/index.php?rest_route=\/wp\/v2\/types\/page"}],"author":[{"embeddable":true,"href":"https:\/\/vdh-sindelfingen.de\/index.php?rest_route=\/wp\/v2\/users\/4"}],"replies":[{"embeddable":true,"href":"https:\/\/vdh-sindelfingen.de\/index.php?rest_route=%2Fwp%2Fv2%2Fcomments&post=157"}],"version-history":[{"count":2,"href":"https:\/\/vdh-sindelfingen.de\/index.php?rest_route=\/wp\/v2\/pages\/157\/revisions"}],"predecessor-version":[{"id":3579,"href":"https:\/\/vdh-sindelfingen.de\/index.php?rest_route=\/wp\/v2\/pages\/157\/revisions\/3579"}],"up":[{"embeddable":true,"href":"https:\/\/vdh-sindelfingen.de\/index.php?rest_route=\/wp\/v2\/pages\/20"}],"wp:featuredmedia":[{"embeddable":true,"href":"https:\/\/vdh-sindelfingen.de\/index.php?rest_route=\/wp\/v2\/media\/859"}],"wp:attachment":[{"href":"https:\/\/vdh-sindelfingen.de\/index.php?rest_route=%2Fwp%2Fv2%2Fmedia&parent=157"}],"curies":[{"name":"wp","href":"https:\/\/api.w.org\/{rel}","templated":true}]}}