{"id":160,"date":"2014-04-20T16:21:50","date_gmt":"2014-04-20T14:21:50","guid":{"rendered":"http:\/\/vdh-sindelfingen.de\/CMS\/?page_id=160"},"modified":"2024-08-11T09:52:16","modified_gmt":"2024-08-11T07:52:16","slug":"aufbaukurs-2","status":"publish","type":"page","link":"https:\/\/vdh-sindelfingen.de\/?page_id=160","title":{"rendered":"Basis &#8211; jetzt starten wir gemeinsam durch!"},"content":{"rendered":"<p><em><strong>Kurszeit und Online-Anmeldung:<\/strong><\/em><\/p>\n<p>Dies ist der Folgekurs zum Junghundekurs.<br \/>\nDer Fortgeschrittenen-Kurs trifft sich donnerstags von 18:30 bis 19:15 Uhr.<\/p>\n\n\t\t<style type=\"text\/css\">\n\t\t\t#gallery-1 {\n\t\t\t\tmargin: auto;\n\t\t\t}\n\t\t\t#gallery-1 .gallery-item {\n\t\t\t\tfloat: left;\n\t\t\t\tmargin-top: 10px;\n\t\t\t\ttext-align: center;\n\t\t\t\twidth: 33%;\n\t\t\t}\n\t\t\t#gallery-1 img {\n\t\t\t\tborder: 2px solid #cfcfcf;\n\t\t\t}\n\t\t\t#gallery-1 .gallery-caption {\n\t\t\t\tmargin-left: 0;\n\t\t\t}\n\t\t\t\/* see gallery_shortcode() in wp-includes\/media.php *\/\n\t\t<\/style>\n\t\t<div id='gallery-1' class='gallery galleryid-160 gallery-columns-3 gallery-size-thumbnail'><dl class='gallery-item'>\n\t\t\t<dt class='gallery-icon landscape'>\n\t\t\t\t<a href='https:\/\/vdh-sindelfingen.de\/wp-content\/uploads\/IMGP7573-800x529-e1427658916334.jpg'><img loading=\"lazy\" decoding=\"async\" width=\"150\" height=\"150\" src=\"https:\/\/vdh-sindelfingen.de\/wp-content\/uploads\/IMGP7573-800x529-150x150.jpg\" class=\"attachment-thumbnail size-thumbnail\" alt=\"\" \/><\/a>\n\t\t\t<\/dt><\/dl>\n\t\t\t<br style='clear: both' \/>\n\t\t<\/div>\n\n<p><strong><em>Kursinhalte:<\/em><\/strong><\/p>\n<p style=\"text-align: justify;\">Im Aufbaukurs wird auf die bestehende Arbeit des Junghunde-, bzw. Anf\u00e4ngerkurses aufgebaut. Die Kommandos werden weiterhin wiederholt und die Ausf\u00fchrung verfeinert. Das ruhige Warten neben dem Besitzer wird genauso einge\u00fcbt wie die \u00dcbungen Sitz und Platz auf Distanz und das Heranrufen. Bindungsspiele zwischen dem Besitzer und dem Hund werden, wie in der Junghundegruppe erlernt, fortgef\u00fchrt und weiter ausgebaut. Alltagssituationen werden ausgebaut, und Gassi-Geh-Situation auf den umliegenden Waldwegen ge\u00fcbt. Ziel ist es, dass Ihr Hund auch unter Ablenkung sich auf Sie fokussiert und motiviert mitarbeiten m\u00f6chte. Richtiges Verhalten wird mit Lob, Leckerchen und Spiel positiv verst\u00e4rkt.<\/p>\n<p><em><strong>Kursziel:<\/strong> <\/em><\/p>\n<p>Verbesserung der Bindung des Hund-Mensch-Teams.<br \/>\nErste Grundlagen f\u00fcr verschiedene Sportarten (K\u00f6rperbewusstsein, Teambuilding, &#8230;)<\/p>\n<p><strong><em>Voraussetzungen:<\/em><\/strong><\/p>\n<p>Der Hund ist<\/p>\n<p>\u2013 geimpft,<\/p>\n<p>\u2013 haftpflichtversichert.<\/p>\n<p><em><strong>Bitte bringen Sie<\/strong> <\/em><\/p>\n<p>\u2013 den <strong>Impfpass,<\/strong><\/p>\n<p>\u2013 den <strong>Versicherungsnachweis,<\/strong><\/p>\n<p><strong>\u00a0\u2013 eine normale, kurze Leine<\/strong> (m\u00f6glichst ohne \u00d6sen,<strong> keine<\/strong> Flexi-Leine),<\/p>\n<p>\u2013 viele <strong>kleine, weiche Lerckerchen <\/strong>(am einfachsten sind kleine Wurst- oder K\u00e4sest\u00fcckchen)<\/p>\n<p>mit.<\/p>\n<p>.<br \/>\nEs w\u00e4re gut, wenn Hund und Hundef\u00fchrer vor dem Aufbaukurs den Junghundekurs oder den Anf\u00e4ngerkurs besucht h\u00e4tten, dies ist aber bei entsprechendem Leistungsstand kein Muss.<\/p>\n\n\t\t<style type=\"text\/css\">\n\t\t\t#gallery-2 {\n\t\t\t\tmargin: auto;\n\t\t\t}\n\t\t\t#gallery-2 .gallery-item {\n\t\t\t\tfloat: left;\n\t\t\t\tmargin-top: 10px;\n\t\t\t\ttext-align: center;\n\t\t\t\twidth: 33%;\n\t\t\t}\n\t\t\t#gallery-2 img {\n\t\t\t\tborder: 2px solid #cfcfcf;\n\t\t\t}\n\t\t\t#gallery-2 .gallery-caption {\n\t\t\t\tmargin-left: 0;\n\t\t\t}\n\t\t\t\/* see gallery_shortcode() in wp-includes\/media.php *\/\n\t\t<\/style>\n\t\t<div id='gallery-2' class='gallery galleryid-160 gallery-columns-3 gallery-size-thumbnail'><dl class='gallery-item'>\n\t\t\t<dt class='gallery-icon landscape'>\n\t\t\t\t<a href='https:\/\/vdh-sindelfingen.de\/wp-content\/uploads\/IMGP7420-800x530-e1427659113277.jpg'><img loading=\"lazy\" decoding=\"async\" width=\"150\" height=\"150\" src=\"https:\/\/vdh-sindelfingen.de\/wp-content\/uploads\/IMGP7420-800x530-150x150.jpg\" class=\"attachment-thumbnail size-thumbnail\" alt=\"\" \/><\/a>\n\t\t\t<\/dt><\/dl><dl class='gallery-item'>\n\t\t\t<dt class='gallery-icon landscape'>\n\t\t\t\t<a href='https:\/\/vdh-sindelfingen.de\/wp-content\/uploads\/IMGP7432-800x411-e1427659147589.jpg'><img loading=\"lazy\" decoding=\"async\" width=\"150\" height=\"150\" src=\"https:\/\/vdh-sindelfingen.de\/wp-content\/uploads\/IMGP7432-800x411-150x150.jpg\" class=\"attachment-thumbnail size-thumbnail\" alt=\"\" \/><\/a>\n\t\t\t<\/dt><\/dl><dl class='gallery-item'>\n\t\t\t<dt class='gallery-icon landscape'>\n\t\t\t\t<a href='https:\/\/vdh-sindelfingen.de\/wp-content\/uploads\/IMGP7579-800x530-e1427659214162.jpg'><img loading=\"lazy\" decoding=\"async\" width=\"150\" height=\"150\" src=\"https:\/\/vdh-sindelfingen.de\/wp-content\/uploads\/IMGP7579-800x530-150x150.jpg\" class=\"attachment-thumbnail size-thumbnail\" alt=\"\" \/><\/a>\n\t\t\t<\/dt><\/dl><br style=\"clear: both\" \/><dl class='gallery-item'>\n\t\t\t<dt class='gallery-icon landscape'>\n\t\t\t\t<a href='https:\/\/vdh-sindelfingen.de\/wp-content\/uploads\/IMGP7403-800x376-e1427659040263.jpg'><img loading=\"lazy\" decoding=\"async\" width=\"150\" height=\"150\" src=\"https:\/\/vdh-sindelfingen.de\/wp-content\/uploads\/IMGP7403-800x376-150x150.jpg\" class=\"attachment-thumbnail size-thumbnail\" alt=\"\" \/><\/a>\n\t\t\t<\/dt><\/dl>\n\t\t\t<br style='clear: both' \/>\n\t\t<\/div>\n\n","protected":false},"excerpt":{"rendered":"<p>Kurszeit und Online-Anmeldung: Dies ist der Folgekurs zum Junghundekurs. Der Fortgeschrittenen-Kurs trifft sich donnerstags von 18:30 bis 19:15 Uhr. Kursinhalte: Im Aufbaukurs wird auf die bestehende Arbeit des Junghunde-, bzw. Anf\u00e4ngerkurses aufgebaut. Die Kommandos werden weiterhin wiederholt und die Ausf\u00fchrung verfeinert. Das ruhige Warten neben dem Besitzer wird genauso einge\u00fcbt wie die \u00dcbungen Sitz und &hellip; <\/p>\n<p><a class=\"more-link btn\" href=\"https:\/\/vdh-sindelfingen.de\/?page_id=160\">Weiterlesen<\/a><\/p>\n","protected":false},"author":4,"featured_media":0,"parent":17,"menu_order":0,"comment_status":"open","ping_status":"open","template":"","meta":{"pmpro_default_level":"","_mc_calendar":[],"footnotes":""},"class_list":["post-160","page","type-page","status-publish","hentry","pmpro-has-access","nodate","item-wrap"],"_links":{"self":[{"href":"https:\/\/vdh-sindelfingen.de\/index.php?rest_route=\/wp\/v2\/pages\/160","targetHints":{"allow":["GET"]}}],"collection":[{"href":"https:\/\/vdh-sindelfingen.de\/index.php?rest_route=\/wp\/v2\/pages"}],"about":[{"href":"https:\/\/vdh-sindelfingen.de\/index.php?rest_route=\/wp\/v2\/types\/page"}],"author":[{"embeddable":true,"href":"https:\/\/vdh-sindelfingen.de\/index.php?rest_route=\/wp\/v2\/users\/4"}],"replies":[{"embeddable":true,"href":"https:\/\/vdh-sindelfingen.de\/index.php?rest_route=%2Fwp%2Fv2%2Fcomments&post=160"}],"version-history":[{"count":10,"href":"https:\/\/vdh-sindelfingen.de\/index.php?rest_route=\/wp\/v2\/pages\/160\/revisions"}],"predecessor-version":[{"id":4425,"href":"https:\/\/vdh-sindelfingen.de\/index.php?rest_route=\/wp\/v2\/pages\/160\/revisions\/4425"}],"up":[{"embeddable":true,"href":"https:\/\/vdh-sindelfingen.de\/index.php?rest_route=\/wp\/v2\/pages\/17"}],"wp:attachment":[{"href":"https:\/\/vdh-sindelfingen.de\/index.php?rest_route=%2Fwp%2Fv2%2Fmedia&parent=160"}],"curies":[{"name":"wp","href":"https:\/\/api.w.org\/{rel}","templated":true}]}}