{"id":165,"date":"2014-04-20T16:23:57","date_gmt":"2014-04-20T14:23:57","guid":{"rendered":"http:\/\/vdh-sindelfingen.de\/CMS\/?page_id=165"},"modified":"2023-01-02T19:58:28","modified_gmt":"2023-01-02T17:58:28","slug":"anfaengerkurs","status":"publish","type":"page","link":"https:\/\/vdh-sindelfingen.de\/?page_id=165","title":{"rendered":"Anf\u00e4ngerkurs &#8211; F\u00fcr motivierte Quereinsteiger"},"content":{"rendered":"<p style=\"text-align: justify;\"><em><strong>Kurszeit:<\/strong><\/em><\/p>\n<p style=\"text-align: justify;\">Der Anf\u00e4ngerkurs (f\u00fcr \u00e4ltere Hunde, ab einem Jahr) trifft sich Sonntags von 10.00 \u2013 10.45 Uhr.<\/p>\n<p>Aktuell findet der Anf\u00e4ngerkurs nicht statt.<\/p>\n<p><em><strong>Kursinhalte:<\/strong><\/em><\/p>\n<p style=\"text-align: justify;\">Sie haben mit Ihrem Hund keine Welpen- und Junghundeausbildung absolviert, haben jetzt aber Lust bekommen mit vielen Gleichgesinnten einen Unterordnungskurs zu besuchen? Sie haben einen \u00e4lteren Hund aus dem Tierheim oder von einer Tierschutzorganisation zu sich geholt, und wollen mit diesem Hund zu einem Team zusammenwachsen und ihn erziehen und ausbilden? Und Sie m\u00f6chten irgendwann einmal einen Team-Test ablegen? Dann sind Sie im Anf\u00e4ngerkurs genau richtig!<\/p>\n<p style=\"text-align: justify;\">Im Anf\u00e4ngerkurs werden keinerlei Vorkenntnisse von Hund oder Hundef\u00fchrer erwartet. Mit Ihrem \u00e4lteren Hund wurde vielleicht in der Welpen- und Junghundezeit nicht oder nicht richtig mit der Ausbildung begonnen, dennoch kann auch einem \u00e4lteren Hund noch alles beigebracht werden. Das Fu\u00df laufen und die Grundkommandos werden hier von Grund auf dem Hund und ebenso dem Hundef\u00fchrer vermittelt. Die Hunde lernen, dass sie nur durch gew\u00fcnschtes Verhalten an Lob, Leckerchen und Spiel herankommen und werden dadurch motiviert mit ihrem Herrchen oder Frauchen arbeiten zu wollen.<\/p>\n<p style=\"text-align: justify;\">Zus\u00e4tzlich zu den Unterordnungs\u00fcbungen wird an der Bindung zwischen Hund und Herrchen oder Frauchen gearbeitet, um diese zu erarbeiten und zu vertiefen. Auch verschiedene Umweltreizen, wie Begegnung mit Fremden, ballspielende Gruppen und Fahrradfahrer, sowie das richtige Verhalten des Hundes darauf wird ge\u00fcbt. Verschiedene Probleme der einzelnen Teams werden aufgegriffen und es wird versucht sie individuell zu l\u00f6sen.<\/p>\n<p style=\"text-align: justify;\"><strong><em>Voraussetzungen:<\/em><\/strong><\/p>\n<p style=\"text-align: justify;\">Der Hund ist<\/p>\n<p style=\"text-align: justify;\">\u00a0&#8211; \u00e4lter als ein Jahr,<\/p>\n<p style=\"text-align: justify;\">\u00a0&#8211; geimpft,<\/p>\n<p style=\"text-align: justify;\">\u00a0&#8211; haftpflichtversichert.<\/p>\n<p><em><strong>Bitte bringen Sie<\/strong> <\/em><\/p>\n<p>\u2013 den <strong>Impfpass,<\/strong><\/p>\n<p>\u2013 den <strong>Versicherungsnachweis,<\/strong><\/p>\n<p><strong>\u00a0\u2013 eine normale, kurze Leine<\/strong> (m\u00f6glichst ohne \u00d6sen,<strong> keine<\/strong> Flexi-Leine),<\/p>\n<p>\u2013 viele <strong>kleine, weiche Lerckerchen <\/strong>(am einfachsten sind kleine Wurst- oder K\u00e4sest\u00fcckchen)<\/p>\n<p>mit.<\/p>\n\n","protected":false},"excerpt":{"rendered":"<p>Kurszeit: Der Anf\u00e4ngerkurs (f\u00fcr \u00e4ltere Hunde, ab einem Jahr) trifft sich Sonntags von 10.00 \u2013 10.45 Uhr. Aktuell findet der Anf\u00e4ngerkurs nicht statt. Kursinhalte: Sie haben mit Ihrem Hund keine Welpen- und Junghundeausbildung absolviert, haben jetzt aber Lust bekommen mit vielen Gleichgesinnten einen Unterordnungskurs zu besuchen? Sie haben einen \u00e4lteren Hund aus dem Tierheim oder &hellip; <\/p>\n<p><a class=\"more-link btn\" href=\"https:\/\/vdh-sindelfingen.de\/?page_id=165\">Weiterlesen<\/a><\/p>\n","protected":false},"author":4,"featured_media":0,"parent":17,"menu_order":0,"comment_status":"open","ping_status":"open","template":"","meta":{"pmpro_default_level":"","_mc_calendar":[],"footnotes":""},"class_list":["post-165","page","type-page","status-publish","hentry","pmpro-has-access","nodate","item-wrap"],"_links":{"self":[{"href":"https:\/\/vdh-sindelfingen.de\/index.php?rest_route=\/wp\/v2\/pages\/165","targetHints":{"allow":["GET"]}}],"collection":[{"href":"https:\/\/vdh-sindelfingen.de\/index.php?rest_route=\/wp\/v2\/pages"}],"about":[{"href":"https:\/\/vdh-sindelfingen.de\/index.php?rest_route=\/wp\/v2\/types\/page"}],"author":[{"embeddable":true,"href":"https:\/\/vdh-sindelfingen.de\/index.php?rest_route=\/wp\/v2\/users\/4"}],"replies":[{"embeddable":true,"href":"https:\/\/vdh-sindelfingen.de\/index.php?rest_route=%2Fwp%2Fv2%2Fcomments&post=165"}],"version-history":[{"count":6,"href":"https:\/\/vdh-sindelfingen.de\/index.php?rest_route=\/wp\/v2\/pages\/165\/revisions"}],"predecessor-version":[{"id":4108,"href":"https:\/\/vdh-sindelfingen.de\/index.php?rest_route=\/wp\/v2\/pages\/165\/revisions\/4108"}],"up":[{"embeddable":true,"href":"https:\/\/vdh-sindelfingen.de\/index.php?rest_route=\/wp\/v2\/pages\/17"}],"wp:attachment":[{"href":"https:\/\/vdh-sindelfingen.de\/index.php?rest_route=%2Fwp%2Fv2%2Fmedia&parent=165"}],"curies":[{"name":"wp","href":"https:\/\/api.w.org\/{rel}","templated":true}]}}