{"id":17,"date":"2014-04-19T21:59:59","date_gmt":"2014-04-19T19:59:59","guid":{"rendered":"http:\/\/vdh-sindelfingen.de\/CMS\/?page_id=17"},"modified":"2015-07-17T22:35:41","modified_gmt":"2015-07-17T20:35:41","slug":"erziehung","status":"publish","type":"page","link":"https:\/\/vdh-sindelfingen.de\/?page_id=17","title":{"rendered":"Erziehung"},"content":{"rendered":"<p style=\"text-align: justify;\">Wir im VdH Sindelfingen schreiben Erziehung gro\u00df, mit einer gesunde Basisausbildung machen weitere Aktivit\u00e4ten mit dem Hund umso mehr Spa\u00df. Wir bieten verschiedene Kurse f\u00fcr Jung und Alt. Dennoch begleiten wir vor allem die Welpen bis zum Erwachsenen werden in unseren Basiskursen, bis sie dann in die Sportkurse aufsteigen k\u00f6nnen.<\/p>\n<p style=\"text-align: justify;\">Die <a title=\"Welpengruppe\" href=\"http:\/\/vdh-sindelfingen.de\/?page_id=44\"><strong>Welpengruppe<\/strong><\/a> ist die erste Anlaufstelle f\u00fcr Sie und Ihr neues Familienmitglied. Ab ca. dem 5. Monat geht es dann im <a title=\"Junghundegruppe\" href=\"http:\/\/vdh-sindelfingen.de\/?page_id=155\"><strong>Junghundekurs<\/strong><\/a> weiter. Falls Ihr Hund erst sp\u00e4ter zu Ihnen gesto\u00dfen ist, k\u00f6nnen die Inhalte im <a title=\"Anf\u00e4ngerkurs\" href=\"http:\/\/vdh-sindelfingen.de\/?page_id=165\"><strong>Anf\u00e4ngerkurs<\/strong><\/a> aufgeholt und nachgearbeitet werden. Wenn Sie und Ihr Hund so weit sind, werden die \u00dcbungen und Alltagssituationen im <strong><a href=\"http:\/\/vdh-sindelfingen.de\/?page_id=160\">Aufbaukurs <\/a><\/strong>noch einmal erweitert. Hier wird nun auch gezielt auf den<strong><a href=\"http:\/\/vdh-sindelfingen.de\/?page_id=1742\"> Team-Test<\/a><\/strong>, der den Abschluss der Basis-Ausbildung darstellt, hingearbeitet.<\/p>\n<p style=\"text-align: justify;\">Mit bestandem Team-Test stehen die verschieden <strong><a href=\"http:\/\/vdh-sindelfingen.de\/?page_id=20\">Sportsparten<\/a> <\/strong>offen. Den Interessen und Neigungen nach, k\u00f6nnen nun die Kurse gew\u00e4hlt werden.<\/p>\n<p>&nbsp;<\/p>\n<p>&nbsp;<\/p>\n<p>&nbsp;<\/p>\n","protected":false},"excerpt":{"rendered":"<p>Wir im VdH Sindelfingen schreiben Erziehung gro\u00df, mit einer gesunde Basisausbildung machen weitere Aktivit\u00e4ten mit dem Hund umso mehr Spa\u00df. Wir bieten verschiedene Kurse f\u00fcr Jung und Alt. Dennoch begleiten wir vor allem die Welpen bis zum Erwachsenen werden in unseren Basiskursen, bis sie dann in die Sportkurse aufsteigen k\u00f6nnen. Die Welpengruppe ist die erste &hellip; <\/p>\n<p><a class=\"more-link btn\" href=\"https:\/\/vdh-sindelfingen.de\/?page_id=17\">Weiterlesen<\/a><\/p>\n","protected":false},"author":4,"featured_media":0,"parent":0,"menu_order":0,"comment_status":"open","ping_status":"open","template":"","meta":{"pmpro_default_level":"","_mc_calendar":[],"footnotes":""},"class_list":["post-17","page","type-page","status-publish","hentry","pmpro-has-access","nodate","item-wrap"],"_links":{"self":[{"href":"https:\/\/vdh-sindelfingen.de\/index.php?rest_route=\/wp\/v2\/pages\/17","targetHints":{"allow":["GET"]}}],"collection":[{"href":"https:\/\/vdh-sindelfingen.de\/index.php?rest_route=\/wp\/v2\/pages"}],"about":[{"href":"https:\/\/vdh-sindelfingen.de\/index.php?rest_route=\/wp\/v2\/types\/page"}],"author":[{"embeddable":true,"href":"https:\/\/vdh-sindelfingen.de\/index.php?rest_route=\/wp\/v2\/users\/4"}],"replies":[{"embeddable":true,"href":"https:\/\/vdh-sindelfingen.de\/index.php?rest_route=%2Fwp%2Fv2%2Fcomments&post=17"}],"version-history":[{"count":0,"href":"https:\/\/vdh-sindelfingen.de\/index.php?rest_route=\/wp\/v2\/pages\/17\/revisions"}],"wp:attachment":[{"href":"https:\/\/vdh-sindelfingen.de\/index.php?rest_route=%2Fwp%2Fv2%2Fmedia&parent=17"}],"curies":[{"name":"wp","href":"https:\/\/api.w.org\/{rel}","templated":true}]}}