{"id":24,"date":"2014-04-19T22:17:11","date_gmt":"2014-04-19T20:17:11","guid":{"rendered":"http:\/\/vdh-sindelfingen.de\/CMS\/?page_id=24"},"modified":"2014-06-22T12:59:09","modified_gmt":"2014-06-22T10:59:09","slug":"jugend","status":"publish","type":"page","link":"https:\/\/vdh-sindelfingen.de\/?page_id=24","title":{"rendered":"Jugend"},"content":{"rendered":"<p style=\"text-align: justify;\"><strong>Hallihallo auf der Jugendseite <\/strong><\/p>\n<p style=\"text-align: justify;\"><strong>des VdH Sindelfingen!<\/strong><\/p>\n<p style=\"text-align: justify;\">Sch\u00f6n, dass du hergefunden hast! Im VdH Sindelfingen spielt die Jugend schon lange eine wichtige Rolle. Seit 2005 gibt es sogar einen, von der Jugend gew\u00e4hlten, <a title=\"Jugendvorstand\" href=\"http:\/\/vdh-sindelfingen.de\/?page_id=67\"><strong>Jugendvorstand<\/strong><\/a>. Wir verwalten uns selbstst\u00e4ndig und k\u00f6nnen so viele tolle Veranstaltungen planen und durchf\u00fchren.<\/p>\n<p style=\"text-align: justify;\">Wir machen jedes Jahr mehrere Ausfl\u00fcge, Partys, Vorf\u00fchrungen und \u00c4hnliches. Wir gehen Kanu fahren, schwimmen und feiern. Wir helfen im T\u00e4le immer kr\u00e4ftig mit. Zum Beispiel an den Festen beim Bierb\u00e4nke schleppen und aufbauen, beim Abwaschen oder bei anderen Aufgaben. Auch so gestalten wir das Leben in unserem Verein aktiv mit.<\/p>\n<p style=\"text-align: justify;\">Mittwochabends gibt es f\u00fcr die Kinder und Jugendlichen in unserem Verein eine <a title=\"Jugengruppe\" href=\"http:\/\/vdh-sindelfingen.de\/?page_id=99\"><strong>eigene Gruppe<\/strong><\/a>, in der wir mit Gleichaltrigen und unseren Hunden Spa\u00df haben k\u00f6nnen. Wir machen fast immer ein bisschen Unterordnung und anschlie\u00dfend ein lustiges Spiel, bei dem Kind und Hund noch besser zusammenwachsen.<\/p>\n<p style=\"text-align: justify;\">Auf den Jugend-Veranstaltungen der Kreisgruppe 09 sind wir auch mit unseren Jugendlichen vertreten. Sei es beim j\u00e4hrlichen Zeltlager, beim Schlittschuhlaufen oder den Jugend\u00fcbungstagen. Auch auf vielen Turnieren ist unsere Jugendgruppe am Start und wir bringen meistens richtig gute Ergebnisse nach Hause.<\/p>\n<p style=\"text-align: justify;\">Man sieht, sowohl ohne, als auch mit Hunden, sind wir eine tolle Truppe! Bei uns ist immer was los und neue Leute sind gern gesehen und herzlich Willkommen. Wenn du also Interesse bekommen hast uns kennen zu lernen, komm doch einfach mal vorbei!<\/p>\n<p style=\"text-align: justify;\"><strong>Eure T\u00e4le \u2013 Jugend!<\/strong><\/p>\n","protected":false},"excerpt":{"rendered":"<p>Hallihallo auf der Jugendseite des VdH Sindelfingen! Sch\u00f6n, dass du hergefunden hast! Im VdH Sindelfingen spielt die Jugend schon lange eine wichtige Rolle. Seit 2005 gibt es sogar einen, von der Jugend gew\u00e4hlten, Jugendvorstand. Wir verwalten uns selbstst\u00e4ndig und k\u00f6nnen so viele tolle Veranstaltungen planen und durchf\u00fchren. Wir machen jedes Jahr mehrere Ausfl\u00fcge, Partys, Vorf\u00fchrungen &hellip; <\/p>\n<p><a class=\"more-link btn\" href=\"https:\/\/vdh-sindelfingen.de\/?page_id=24\">Weiterlesen<\/a><\/p>\n","protected":false},"author":4,"featured_media":0,"parent":0,"menu_order":0,"comment_status":"open","ping_status":"open","template":"","meta":{"pmpro_default_level":"","_mc_calendar":[],"footnotes":""},"class_list":["post-24","page","type-page","status-publish","hentry","pmpro-has-access","nodate","item-wrap"],"_links":{"self":[{"href":"https:\/\/vdh-sindelfingen.de\/index.php?rest_route=\/wp\/v2\/pages\/24","targetHints":{"allow":["GET"]}}],"collection":[{"href":"https:\/\/vdh-sindelfingen.de\/index.php?rest_route=\/wp\/v2\/pages"}],"about":[{"href":"https:\/\/vdh-sindelfingen.de\/index.php?rest_route=\/wp\/v2\/types\/page"}],"author":[{"embeddable":true,"href":"https:\/\/vdh-sindelfingen.de\/index.php?rest_route=\/wp\/v2\/users\/4"}],"replies":[{"embeddable":true,"href":"https:\/\/vdh-sindelfingen.de\/index.php?rest_route=%2Fwp%2Fv2%2Fcomments&post=24"}],"version-history":[{"count":1,"href":"https:\/\/vdh-sindelfingen.de\/index.php?rest_route=\/wp\/v2\/pages\/24\/revisions"}],"predecessor-version":[{"id":3544,"href":"https:\/\/vdh-sindelfingen.de\/index.php?rest_route=\/wp\/v2\/pages\/24\/revisions\/3544"}],"wp:attachment":[{"href":"https:\/\/vdh-sindelfingen.de\/index.php?rest_route=%2Fwp%2Fv2%2Fmedia&parent=24"}],"curies":[{"name":"wp","href":"https:\/\/api.w.org\/{rel}","templated":true}]}}