{"id":2593,"date":"2017-10-22T20:02:27","date_gmt":"2017-10-22T18:02:27","guid":{"rendered":"http:\/\/vdh-sindelfingen.de\/?page_id=2593"},"modified":"2024-01-18T00:40:22","modified_gmt":"2024-01-17T22:40:22","slug":"rally-obedience-ein-bisschen-spass-muss-sein","status":"publish","type":"page","link":"https:\/\/vdh-sindelfingen.de\/?page_id=2593","title":{"rendered":"Rally-Obedience &#8211; ein bisschen Spa\u00df muss sein!"},"content":{"rendered":"<p><strong><em>Kurszeiten und Online-Anmeldung:<\/em><\/strong><\/p>\n<p>Der Rally-Obedience Kurs findet Sonntags von 11.30 &#8211; 12.30 Uhr f\u00fcr Fortgeschrittene statt.<\/p>\n<p>Es ist momentan keine Neuanmeldung m\u00f6glich.<\/p>\n<p><em><strong>Kursinhalte:<\/strong><\/em><\/p>\n<p>Die j\u00fcngste Hundesportart in Deutschland ist das Rally-Obedience. Es ist eine sogenannte Funsportart und setzt sich aus Teilen aus dem herk\u00f6mmlichen Obedience, aber auch aus Dogdance-Elementen und dem Agility zusammen. Der Parcour, also die Reihenfolge der jeweiligen Abfolge von \u00dcbungen, wird durch verschiedenste Schilder angegeben. Hier findet sich eine exemplarische Auswahl:<\/p>\n\n\t\t<style type=\"text\/css\">\n\t\t\t#gallery-1 {\n\t\t\t\tmargin: auto;\n\t\t\t}\n\t\t\t#gallery-1 .gallery-item {\n\t\t\t\tfloat: left;\n\t\t\t\tmargin-top: 10px;\n\t\t\t\ttext-align: center;\n\t\t\t\twidth: 33%;\n\t\t\t}\n\t\t\t#gallery-1 img {\n\t\t\t\tborder: 2px solid #cfcfcf;\n\t\t\t}\n\t\t\t#gallery-1 .gallery-caption {\n\t\t\t\tmargin-left: 0;\n\t\t\t}\n\t\t\t\/* see gallery_shortcode() in wp-includes\/media.php *\/\n\t\t<\/style>\n\t\t<div id='gallery-1' class='gallery galleryid-2593 gallery-columns-3 gallery-size-thumbnail'><dl class='gallery-item'>\n\t\t\t<dt class='gallery-icon landscape'>\n\t\t\t\t<a href='https:\/\/vdh-sindelfingen.de\/wp-content\/uploads\/Rally-O2.jpg'><img loading=\"lazy\" decoding=\"async\" width=\"150\" height=\"150\" src=\"https:\/\/vdh-sindelfingen.de\/wp-content\/uploads\/Rally-O2-150x150.jpg\" class=\"attachment-thumbnail size-thumbnail\" alt=\"\" \/><\/a>\n\t\t\t<\/dt><\/dl><dl class='gallery-item'>\n\t\t\t<dt class='gallery-icon landscape'>\n\t\t\t\t<a href='https:\/\/vdh-sindelfingen.de\/wp-content\/uploads\/Rally-O4.jpg'><img loading=\"lazy\" decoding=\"async\" width=\"150\" height=\"150\" src=\"https:\/\/vdh-sindelfingen.de\/wp-content\/uploads\/Rally-O4-150x150.jpg\" class=\"attachment-thumbnail size-thumbnail\" alt=\"\" \/><\/a>\n\t\t\t<\/dt><\/dl><dl class='gallery-item'>\n\t\t\t<dt class='gallery-icon landscape'>\n\t\t\t\t<a href='https:\/\/vdh-sindelfingen.de\/wp-content\/uploads\/Rally-O1.jpg'><img loading=\"lazy\" decoding=\"async\" width=\"150\" height=\"150\" src=\"https:\/\/vdh-sindelfingen.de\/wp-content\/uploads\/Rally-O1-150x150.jpg\" class=\"attachment-thumbnail size-thumbnail\" alt=\"\" \/><\/a>\n\t\t\t<\/dt><\/dl><br style=\"clear: both\" \/><dl class='gallery-item'>\n\t\t\t<dt class='gallery-icon landscape'>\n\t\t\t\t<a href='https:\/\/vdh-sindelfingen.de\/wp-content\/uploads\/Rally-O5.jpg'><img loading=\"lazy\" decoding=\"async\" width=\"150\" height=\"150\" src=\"https:\/\/vdh-sindelfingen.de\/wp-content\/uploads\/Rally-O5-150x150.jpg\" class=\"attachment-thumbnail size-thumbnail\" alt=\"\" \/><\/a>\n\t\t\t<\/dt><\/dl><dl class='gallery-item'>\n\t\t\t<dt class='gallery-icon landscape'>\n\t\t\t\t<a href='https:\/\/vdh-sindelfingen.de\/wp-content\/uploads\/Rally-O.jpg'><img loading=\"lazy\" decoding=\"async\" width=\"150\" height=\"150\" src=\"https:\/\/vdh-sindelfingen.de\/wp-content\/uploads\/Rally-O-150x150.jpg\" class=\"attachment-thumbnail size-thumbnail\" alt=\"\" \/><\/a>\n\t\t\t<\/dt><\/dl><dl class='gallery-item'>\n\t\t\t<dt class='gallery-icon landscape'>\n\t\t\t\t<a href='https:\/\/vdh-sindelfingen.de\/wp-content\/uploads\/Rally-O3.jpg'><img loading=\"lazy\" decoding=\"async\" width=\"150\" height=\"150\" src=\"https:\/\/vdh-sindelfingen.de\/wp-content\/uploads\/Rally-O3-150x150.jpg\" class=\"attachment-thumbnail size-thumbnail\" alt=\"\" \/><\/a>\n\t\t\t<\/dt><\/dl><br style=\"clear: both\" \/>\n\t\t<\/div>\n\n<p><em><strong>Voraussetzungen:<\/strong><\/em><\/p>\n<p>Die bestandene Begleithundepr\u00fcfung wird als Voraussetzung f\u00fcr diesen Kurs definiert, da Rally-Obedience einige Elemente aus der Begleithundepr\u00fcfung als Basis hat.<\/p>\n","protected":false},"excerpt":{"rendered":"<p>Kurszeiten und Online-Anmeldung: Der Rally-Obedience Kurs findet Sonntags von 11.30 &#8211; 12.30 Uhr f\u00fcr Fortgeschrittene statt. Es ist momentan keine Neuanmeldung m\u00f6glich. Kursinhalte: Die j\u00fcngste Hundesportart in Deutschland ist das Rally-Obedience. Es ist eine sogenannte Funsportart und setzt sich aus Teilen aus dem herk\u00f6mmlichen Obedience, aber auch aus Dogdance-Elementen und dem Agility zusammen. Der Parcour, &hellip; <\/p>\n<p><a class=\"more-link btn\" href=\"https:\/\/vdh-sindelfingen.de\/?page_id=2593\">Weiterlesen<\/a><\/p>\n","protected":false},"author":4,"featured_media":0,"parent":0,"menu_order":0,"comment_status":"closed","ping_status":"closed","template":"","meta":{"pmpro_default_level":"","_mc_calendar":[],"footnotes":""},"class_list":["post-2593","page","type-page","status-publish","hentry","pmpro-has-access","nodate","item-wrap"],"_links":{"self":[{"href":"https:\/\/vdh-sindelfingen.de\/index.php?rest_route=\/wp\/v2\/pages\/2593","targetHints":{"allow":["GET"]}}],"collection":[{"href":"https:\/\/vdh-sindelfingen.de\/index.php?rest_route=\/wp\/v2\/pages"}],"about":[{"href":"https:\/\/vdh-sindelfingen.de\/index.php?rest_route=\/wp\/v2\/types\/page"}],"author":[{"embeddable":true,"href":"https:\/\/vdh-sindelfingen.de\/index.php?rest_route=\/wp\/v2\/users\/4"}],"replies":[{"embeddable":true,"href":"https:\/\/vdh-sindelfingen.de\/index.php?rest_route=%2Fwp%2Fv2%2Fcomments&post=2593"}],"version-history":[{"count":5,"href":"https:\/\/vdh-sindelfingen.de\/index.php?rest_route=\/wp\/v2\/pages\/2593\/revisions"}],"predecessor-version":[{"id":4377,"href":"https:\/\/vdh-sindelfingen.de\/index.php?rest_route=\/wp\/v2\/pages\/2593\/revisions\/4377"}],"wp:attachment":[{"href":"https:\/\/vdh-sindelfingen.de\/index.php?rest_route=%2Fwp%2Fv2%2Fmedia&parent=2593"}],"curies":[{"name":"wp","href":"https:\/\/api.w.org\/{rel}","templated":true}]}}