{"id":2847,"date":"2019-03-06T20:03:37","date_gmt":"2019-03-06T18:03:37","guid":{"rendered":"https:\/\/vdh-sindelfingen.de\/?page_id=2847"},"modified":"2023-10-22T22:03:08","modified_gmt":"2023-10-22T20:03:08","slug":"spiel-und-spass-kurs","status":"publish","type":"page","link":"https:\/\/vdh-sindelfingen.de\/?page_id=2847","title":{"rendered":"Hunde-Uni"},"content":{"rendered":"<p>Nach der Grundausbildung, sozusagen dem Abitur, geht es weiter mit der Hunde-Uni.<\/p>\n<p><strong>Voraussetzung f\u00fcr die Hunde-Uni ist Grundgehorsam, mit und ohne Leine, Sozialvertr\u00e4glichkeit gegen\u00fcber Mensch und Hund sowie ein\u00a0 bestandener Team-Test bzw. Begleithundepr\u00fcfung. Falls euch die Pr\u00fcfung noch fehlt k\u00f6nnt ihr diese auch bei uns im Verein absolvieren.\u00a0<\/strong><\/p>\n<p>Nasenarbeit, Apportieren, Ger\u00e4tetraining, Sport f\u00fcr Mensch und Hund, Balance und Geschicklichkeit, Tricks, Einblick in verschieden Sportarten\u2026 und das selbstst\u00e4ndige Abarbeiten von kniffeligen Aufgaben st\u00e4rkt nat\u00fcrlich auch noch ganz nebenbei die Bindung und das Vertrauen zueinander. Auch \u00dcbungen im Bereich Grundgehorsam sind ein fester Bestandteil dieses Kurses.<\/p>\n<p>Die Gruppe trifft sich immer mittwochs.<\/p>\n<p>16.30 &#8211; 17.25 Uhr<\/p>\n<p>17.35 &#8211; 18.30 Uhr<\/p>\n<p>Neugierig geworden? <a href=\"https:\/\/vdh-sindelfingen.de\/?page_id=3811\">Hier geht es zur Anmeldung.<\/a> (Aktuell ist keine Anmeldung m\u00f6glich, da der Kurs voll ist &#8211; es wird keine Warteliste gef\u00fchrt)<br \/>\nBitte beachte, dass du nur nach vorheriger Anmeldung am Training teilnehmen kannst.<\/p>\n<p><a href=\"mailto:hundesport@tuksar.de\"><span style=\"text-decoration: underline;\">hundesport (hier ein @ einsetzen) <\/span><span style=\"text-decoration: underline;\">\u00a0tuksar.de<\/span><\/a><\/p>\n<p>Impressionen 2022<\/p>\n<p><img loading=\"lazy\" decoding=\"async\" class=\"alignnone size-medium wp-image-4091\" src=\"https:\/\/vdh-sindelfingen.de\/wp-content\/uploads\/Spielkurs122022-300x298.jpg\" alt=\"\" width=\"300\" height=\"298\" srcset=\"https:\/\/vdh-sindelfingen.de\/wp-content\/uploads\/Spielkurs122022-300x298.jpg 300w, https:\/\/vdh-sindelfingen.de\/wp-content\/uploads\/Spielkurs122022-150x150.jpg 150w, https:\/\/vdh-sindelfingen.de\/wp-content\/uploads\/Spielkurs122022.jpg 737w\" sizes=\"auto, (max-width: 300px) 100vw, 300px\" \/><\/p>\n\n\t\t<style type=\"text\/css\">\n\t\t\t#gallery-1 {\n\t\t\t\tmargin: auto;\n\t\t\t}\n\t\t\t#gallery-1 .gallery-item {\n\t\t\t\tfloat: left;\n\t\t\t\tmargin-top: 10px;\n\t\t\t\ttext-align: center;\n\t\t\t\twidth: 33%;\n\t\t\t}\n\t\t\t#gallery-1 img {\n\t\t\t\tborder: 2px solid #cfcfcf;\n\t\t\t}\n\t\t\t#gallery-1 .gallery-caption {\n\t\t\t\tmargin-left: 0;\n\t\t\t}\n\t\t\t\/* see gallery_shortcode() in wp-includes\/media.php *\/\n\t\t<\/style>\n\t\t<div id='gallery-1' class='gallery galleryid-2847 gallery-columns-3 gallery-size-thumbnail'><dl class='gallery-item'>\n\t\t\t<dt class='gallery-icon landscape'>\n\t\t\t\t<a href='https:\/\/vdh-sindelfingen.de\/wp-content\/uploads\/SuS2.jpg'><img loading=\"lazy\" decoding=\"async\" width=\"150\" height=\"150\" src=\"https:\/\/vdh-sindelfingen.de\/wp-content\/uploads\/SuS2-150x150.jpg\" class=\"attachment-thumbnail size-thumbnail\" alt=\"\" \/><\/a>\n\t\t\t<\/dt><\/dl><dl class='gallery-item'>\n\t\t\t<dt class='gallery-icon landscape'>\n\t\t\t\t<a href='https:\/\/vdh-sindelfingen.de\/wp-content\/uploads\/SuS1.jpg'><img loading=\"lazy\" decoding=\"async\" width=\"150\" height=\"150\" src=\"https:\/\/vdh-sindelfingen.de\/wp-content\/uploads\/SuS1-150x150.jpg\" class=\"attachment-thumbnail size-thumbnail\" alt=\"\" \/><\/a>\n\t\t\t<\/dt><\/dl>\n\t\t\t<br style='clear: both' \/>\n\t\t<\/div>\n\n<p>Impressionen 2021<\/p>\n\n\t\t<style type=\"text\/css\">\n\t\t\t#gallery-2 {\n\t\t\t\tmargin: auto;\n\t\t\t}\n\t\t\t#gallery-2 .gallery-item {\n\t\t\t\tfloat: left;\n\t\t\t\tmargin-top: 10px;\n\t\t\t\ttext-align: center;\n\t\t\t\twidth: 33%;\n\t\t\t}\n\t\t\t#gallery-2 img {\n\t\t\t\tborder: 2px solid #cfcfcf;\n\t\t\t}\n\t\t\t#gallery-2 .gallery-caption {\n\t\t\t\tmargin-left: 0;\n\t\t\t}\n\t\t\t\/* see gallery_shortcode() in wp-includes\/media.php *\/\n\t\t<\/style>\n\t\t<div id='gallery-2' class='gallery galleryid-2847 gallery-columns-3 gallery-size-thumbnail'><dl class='gallery-item'>\n\t\t\t<dt class='gallery-icon landscape'>\n\t\t\t\t<a href='https:\/\/vdh-sindelfingen.de\/wp-content\/uploads\/3.jpg'><img loading=\"lazy\" decoding=\"async\" width=\"150\" height=\"150\" src=\"https:\/\/vdh-sindelfingen.de\/wp-content\/uploads\/3-150x150.jpg\" class=\"attachment-thumbnail size-thumbnail\" alt=\"\" \/><\/a>\n\t\t\t<\/dt><\/dl><dl class='gallery-item'>\n\t\t\t<dt class='gallery-icon landscape'>\n\t\t\t\t<a href='https:\/\/vdh-sindelfingen.de\/wp-content\/uploads\/12-1.jpg'><img loading=\"lazy\" decoding=\"async\" width=\"150\" height=\"150\" src=\"https:\/\/vdh-sindelfingen.de\/wp-content\/uploads\/12-1-150x150.jpg\" class=\"attachment-thumbnail size-thumbnail\" alt=\"\" \/><\/a>\n\t\t\t<\/dt><\/dl><dl class='gallery-item'>\n\t\t\t<dt class='gallery-icon landscape'>\n\t\t\t\t<a href='https:\/\/vdh-sindelfingen.de\/wp-content\/uploads\/Herbst-Challange-2021.jpg'><img loading=\"lazy\" decoding=\"async\" width=\"150\" height=\"150\" src=\"https:\/\/vdh-sindelfingen.de\/wp-content\/uploads\/Herbst-Challange-2021-150x150.jpg\" class=\"attachment-thumbnail size-thumbnail\" alt=\"\" \/><\/a>\n\t\t\t<\/dt><\/dl><br style=\"clear: both\" \/><dl class='gallery-item'>\n\t\t\t<dt class='gallery-icon landscape'>\n\t\t\t\t<a href='https:\/\/vdh-sindelfingen.de\/wp-content\/uploads\/7-1.jpg'><img loading=\"lazy\" decoding=\"async\" width=\"150\" height=\"150\" src=\"https:\/\/vdh-sindelfingen.de\/wp-content\/uploads\/7-1-150x150.jpg\" class=\"attachment-thumbnail size-thumbnail\" alt=\"\" \/><\/a>\n\t\t\t<\/dt><\/dl><dl class='gallery-item'>\n\t\t\t<dt class='gallery-icon landscape'>\n\t\t\t\t<a href='https:\/\/vdh-sindelfingen.de\/wp-content\/uploads\/4.jpg'><img loading=\"lazy\" decoding=\"async\" width=\"150\" height=\"150\" src=\"https:\/\/vdh-sindelfingen.de\/wp-content\/uploads\/4-150x150.jpg\" class=\"attachment-thumbnail size-thumbnail\" alt=\"\" \/><\/a>\n\t\t\t<\/dt><\/dl><dl class='gallery-item'>\n\t\t\t<dt class='gallery-icon landscape'>\n\t\t\t\t<a href='https:\/\/vdh-sindelfingen.de\/wp-content\/uploads\/11.jpg'><img loading=\"lazy\" decoding=\"async\" width=\"150\" height=\"150\" src=\"https:\/\/vdh-sindelfingen.de\/wp-content\/uploads\/11-150x150.jpg\" class=\"attachment-thumbnail size-thumbnail\" alt=\"\" \/><\/a>\n\t\t\t<\/dt><\/dl><br style=\"clear: both\" \/><dl class='gallery-item'>\n\t\t\t<dt class='gallery-icon portrait'>\n\t\t\t\t<a href='https:\/\/vdh-sindelfingen.de\/wp-content\/uploads\/10-e1635881438497.jpg'><img loading=\"lazy\" decoding=\"async\" width=\"150\" height=\"150\" src=\"https:\/\/vdh-sindelfingen.de\/wp-content\/uploads\/10-e1635881438497-150x150.jpg\" class=\"attachment-thumbnail size-thumbnail\" alt=\"\" \/><\/a>\n\t\t\t<\/dt><\/dl><dl class='gallery-item'>\n\t\t\t<dt class='gallery-icon portrait'>\n\t\t\t\t<a href='https:\/\/vdh-sindelfingen.de\/wp-content\/uploads\/9-e1635881454872.jpg'><img loading=\"lazy\" decoding=\"async\" width=\"150\" height=\"150\" src=\"https:\/\/vdh-sindelfingen.de\/wp-content\/uploads\/9-e1635881454872-150x150.jpg\" class=\"attachment-thumbnail size-thumbnail\" alt=\"\" \/><\/a>\n\t\t\t<\/dt><\/dl><dl class='gallery-item'>\n\t\t\t<dt class='gallery-icon portrait'>\n\t\t\t\t<a href='https:\/\/vdh-sindelfingen.de\/wp-content\/uploads\/8-e1635881468634.jpg'><img loading=\"lazy\" decoding=\"async\" width=\"150\" height=\"150\" src=\"https:\/\/vdh-sindelfingen.de\/wp-content\/uploads\/8-e1635881468634-150x150.jpg\" class=\"attachment-thumbnail size-thumbnail\" alt=\"\" \/><\/a>\n\t\t\t<\/dt><\/dl><br style=\"clear: both\" \/><dl class='gallery-item'>\n\t\t\t<dt class='gallery-icon landscape'>\n\t\t\t\t<a href='https:\/\/vdh-sindelfingen.de\/wp-content\/uploads\/5-e1635881504713.jpg'><img loading=\"lazy\" decoding=\"async\" width=\"150\" height=\"150\" src=\"https:\/\/vdh-sindelfingen.de\/wp-content\/uploads\/5-e1635881504713-150x150.jpg\" class=\"attachment-thumbnail size-thumbnail\" alt=\"\" \/><\/a>\n\t\t\t<\/dt><\/dl><dl class='gallery-item'>\n\t\t\t<dt class='gallery-icon landscape'>\n\t\t\t\t<a href='https:\/\/vdh-sindelfingen.de\/wp-content\/uploads\/1-1.jpg'><img loading=\"lazy\" decoding=\"async\" width=\"150\" height=\"150\" src=\"https:\/\/vdh-sindelfingen.de\/wp-content\/uploads\/1-1-150x150.jpg\" class=\"attachment-thumbnail size-thumbnail\" alt=\"\" \/><\/a>\n\t\t\t<\/dt><\/dl><dl class='gallery-item'>\n\t\t\t<dt class='gallery-icon portrait'>\n\t\t\t\t<a href='https:\/\/vdh-sindelfingen.de\/wp-content\/uploads\/7-e1635881479794.jpg'><img loading=\"lazy\" decoding=\"async\" width=\"150\" height=\"150\" src=\"https:\/\/vdh-sindelfingen.de\/wp-content\/uploads\/7-e1635881479794-150x150.jpg\" class=\"attachment-thumbnail size-thumbnail\" alt=\"\" \/><\/a>\n\t\t\t<\/dt><\/dl><br style=\"clear: both\" \/>\n\t\t<\/div>\n\n<p>Impressionen 2020<\/p>\n\n\t\t<style type=\"text\/css\">\n\t\t\t#gallery-3 {\n\t\t\t\tmargin: auto;\n\t\t\t}\n\t\t\t#gallery-3 .gallery-item {\n\t\t\t\tfloat: left;\n\t\t\t\tmargin-top: 10px;\n\t\t\t\ttext-align: center;\n\t\t\t\twidth: 33%;\n\t\t\t}\n\t\t\t#gallery-3 img {\n\t\t\t\tborder: 2px solid #cfcfcf;\n\t\t\t}\n\t\t\t#gallery-3 .gallery-caption {\n\t\t\t\tmargin-left: 0;\n\t\t\t}\n\t\t\t\/* see gallery_shortcode() in wp-includes\/media.php *\/\n\t\t<\/style>\n\t\t<div id='gallery-3' class='gallery galleryid-2847 gallery-columns-3 gallery-size-thumbnail'><dl class='gallery-item'>\n\t\t\t<dt class='gallery-icon portrait'>\n\t\t\t\t<a href='https:\/\/vdh-sindelfingen.de\/wp-content\/uploads\/SpielundSpa\u00df6.jpg'><img loading=\"lazy\" decoding=\"async\" width=\"150\" height=\"150\" src=\"https:\/\/vdh-sindelfingen.de\/wp-content\/uploads\/SpielundSpa\u00df6-150x150.jpg\" class=\"attachment-thumbnail size-thumbnail\" alt=\"\" \/><\/a>\n\t\t\t<\/dt><\/dl><dl class='gallery-item'>\n\t\t\t<dt class='gallery-icon landscape'>\n\t\t\t\t<a href='https:\/\/vdh-sindelfingen.de\/wp-content\/uploads\/SpielundSpa\u00df8.jpg'><img loading=\"lazy\" decoding=\"async\" width=\"150\" height=\"150\" src=\"https:\/\/vdh-sindelfingen.de\/wp-content\/uploads\/SpielundSpa\u00df8-150x150.jpg\" class=\"attachment-thumbnail size-thumbnail\" alt=\"\" \/><\/a>\n\t\t\t<\/dt><\/dl><dl class='gallery-item'>\n\t\t\t<dt class='gallery-icon landscape'>\n\t\t\t\t<a href='https:\/\/vdh-sindelfingen.de\/wp-content\/uploads\/SpielundSpa\u00df2.jpg'><img loading=\"lazy\" decoding=\"async\" width=\"150\" height=\"150\" src=\"https:\/\/vdh-sindelfingen.de\/wp-content\/uploads\/SpielundSpa\u00df2-150x150.jpg\" class=\"attachment-thumbnail size-thumbnail\" alt=\"\" \/><\/a>\n\t\t\t<\/dt><\/dl><br style=\"clear: both\" \/><dl class='gallery-item'>\n\t\t\t<dt class='gallery-icon portrait'>\n\t\t\t\t<a href='https:\/\/vdh-sindelfingen.de\/wp-content\/uploads\/SpielundSpa\u00df9.jpg'><img loading=\"lazy\" decoding=\"async\" width=\"150\" height=\"150\" src=\"https:\/\/vdh-sindelfingen.de\/wp-content\/uploads\/SpielundSpa\u00df9-150x150.jpg\" class=\"attachment-thumbnail size-thumbnail\" alt=\"\" \/><\/a>\n\t\t\t<\/dt><\/dl><dl class='gallery-item'>\n\t\t\t<dt class='gallery-icon portrait'>\n\t\t\t\t<a href='https:\/\/vdh-sindelfingen.de\/wp-content\/uploads\/SpielundSpa\u00df3.jpg'><img loading=\"lazy\" decoding=\"async\" width=\"150\" height=\"150\" src=\"https:\/\/vdh-sindelfingen.de\/wp-content\/uploads\/SpielundSpa\u00df3-150x150.jpg\" class=\"attachment-thumbnail size-thumbnail\" alt=\"\" \/><\/a>\n\t\t\t<\/dt><\/dl><dl class='gallery-item'>\n\t\t\t<dt class='gallery-icon landscape'>\n\t\t\t\t<a href='https:\/\/vdh-sindelfingen.de\/wp-content\/uploads\/SpielundSpa\u00df5.jpg'><img loading=\"lazy\" decoding=\"async\" width=\"150\" height=\"150\" src=\"https:\/\/vdh-sindelfingen.de\/wp-content\/uploads\/SpielundSpa\u00df5-150x150.jpg\" class=\"attachment-thumbnail size-thumbnail\" alt=\"\" \/><\/a>\n\t\t\t<\/dt><\/dl><br style=\"clear: both\" \/><dl class='gallery-item'>\n\t\t\t<dt class='gallery-icon portrait'>\n\t\t\t\t<a href='https:\/\/vdh-sindelfingen.de\/wp-content\/uploads\/SpielundSpa\u00df4.jpg'><img loading=\"lazy\" decoding=\"async\" width=\"150\" height=\"150\" src=\"https:\/\/vdh-sindelfingen.de\/wp-content\/uploads\/SpielundSpa\u00df4-150x150.jpg\" class=\"attachment-thumbnail size-thumbnail\" alt=\"\" \/><\/a>\n\t\t\t<\/dt><\/dl>\n\t\t\t<br style='clear: both' \/>\n\t\t<\/div>\n\n","protected":false},"excerpt":{"rendered":"<p>Nach der Grundausbildung, sozusagen dem Abitur, geht es weiter mit der Hunde-Uni. Voraussetzung f\u00fcr die Hunde-Uni ist Grundgehorsam, mit und ohne Leine, Sozialvertr\u00e4glichkeit gegen\u00fcber Mensch und Hund sowie ein\u00a0 bestandener Team-Test bzw. Begleithundepr\u00fcfung. Falls euch die Pr\u00fcfung noch fehlt k\u00f6nnt ihr diese auch bei uns im Verein absolvieren.\u00a0 Nasenarbeit, Apportieren, Ger\u00e4tetraining, Sport f\u00fcr Mensch und &hellip; <\/p>\n<p><a class=\"more-link btn\" href=\"https:\/\/vdh-sindelfingen.de\/?page_id=2847\">Weiterlesen<\/a><\/p>\n","protected":false},"author":4,"featured_media":0,"parent":0,"menu_order":0,"comment_status":"closed","ping_status":"closed","template":"","meta":{"pmpro_default_level":"","_mc_calendar":[],"footnotes":""},"class_list":["post-2847","page","type-page","status-publish","hentry","pmpro-has-access","nodate","item-wrap"],"_links":{"self":[{"href":"https:\/\/vdh-sindelfingen.de\/index.php?rest_route=\/wp\/v2\/pages\/2847","targetHints":{"allow":["GET"]}}],"collection":[{"href":"https:\/\/vdh-sindelfingen.de\/index.php?rest_route=\/wp\/v2\/pages"}],"about":[{"href":"https:\/\/vdh-sindelfingen.de\/index.php?rest_route=\/wp\/v2\/types\/page"}],"author":[{"embeddable":true,"href":"https:\/\/vdh-sindelfingen.de\/index.php?rest_route=\/wp\/v2\/users\/4"}],"replies":[{"embeddable":true,"href":"https:\/\/vdh-sindelfingen.de\/index.php?rest_route=%2Fwp%2Fv2%2Fcomments&post=2847"}],"version-history":[{"count":41,"href":"https:\/\/vdh-sindelfingen.de\/index.php?rest_route=\/wp\/v2\/pages\/2847\/revisions"}],"predecessor-version":[{"id":4352,"href":"https:\/\/vdh-sindelfingen.de\/index.php?rest_route=\/wp\/v2\/pages\/2847\/revisions\/4352"}],"wp:attachment":[{"href":"https:\/\/vdh-sindelfingen.de\/index.php?rest_route=%2Fwp%2Fv2%2Fmedia&parent=2847"}],"curies":[{"name":"wp","href":"https:\/\/api.w.org\/{rel}","templated":true}]}}