{"id":31,"date":"2014-04-19T22:26:18","date_gmt":"2014-04-19T20:26:18","guid":{"rendered":"http:\/\/vdh-sindelfingen.de\/CMS\/?page_id=31"},"modified":"2014-06-22T13:01:21","modified_gmt":"2014-06-22T11:01:21","slug":"kontakt","status":"publish","type":"page","link":"https:\/\/vdh-sindelfingen.de\/?page_id=31","title":{"rendered":"Kontakt"},"content":{"rendered":"<p>Sie haben noch weitere Fragen oder wollen in einer Gruppe schnuppern kommen? Dann melden Sie sich bitte direkt beim zust\u00e4ndigen <a title=\"Spartenbetreuer\" href=\"http:\/\/vdh-sindelfingen.de\/?page_id=120\"><strong>Spartenbetreuer<\/strong> <\/a>oder beim <a title=\"Vorstand\" href=\"http:\/\/vdh-sindelfingen.de\/?page_id=138\"><strong>Vorstand<\/strong><\/a>.<\/p>\n<p>F\u00fcr den ersten Besuch im Eichholzer T\u00e4le haben wir hier eine <a title=\"Anfahrt\" href=\"http:\/\/vdh-sindelfingen.de\/?page_id=140\"><strong>Anfahrtsbeschreibung<\/strong><\/a>.<\/p>\n<p>Wenn Sie Mitglied werden wollen, bringen Sie bitte diesen ausgef\u00fcllten <a title=\"Mitglied werden\" href=\"http:\/\/vdh-sindelfingen.de\/?page_id=143\"><strong>Antrag<\/strong><\/a> mit und geben diesen im Vereinsheim, beim \u00dcbungsleiter oder beim Vorstand ab.<\/p>\n<p>&nbsp;<\/p>\n","protected":false},"excerpt":{"rendered":"<p>Sie haben noch weitere Fragen oder wollen in einer Gruppe schnuppern kommen? Dann melden Sie sich bitte direkt beim zust\u00e4ndigen Spartenbetreuer oder beim Vorstand. F\u00fcr den ersten Besuch im Eichholzer T\u00e4le haben wir hier eine Anfahrtsbeschreibung. Wenn Sie Mitglied werden wollen, bringen Sie bitte diesen ausgef\u00fcllten Antrag mit und geben diesen im Vereinsheim, beim \u00dcbungsleiter &hellip; <\/p>\n<p><a class=\"more-link btn\" href=\"https:\/\/vdh-sindelfingen.de\/?page_id=31\">Weiterlesen<\/a><\/p>\n","protected":false},"author":4,"featured_media":0,"parent":0,"menu_order":0,"comment_status":"open","ping_status":"open","template":"","meta":{"pmpro_default_level":"","_mc_calendar":[],"footnotes":""},"class_list":["post-31","page","type-page","status-publish","hentry","pmpro-has-access","nodate","item-wrap"],"_links":{"self":[{"href":"https:\/\/vdh-sindelfingen.de\/index.php?rest_route=\/wp\/v2\/pages\/31","targetHints":{"allow":["GET"]}}],"collection":[{"href":"https:\/\/vdh-sindelfingen.de\/index.php?rest_route=\/wp\/v2\/pages"}],"about":[{"href":"https:\/\/vdh-sindelfingen.de\/index.php?rest_route=\/wp\/v2\/types\/page"}],"author":[{"embeddable":true,"href":"https:\/\/vdh-sindelfingen.de\/index.php?rest_route=\/wp\/v2\/users\/4"}],"replies":[{"embeddable":true,"href":"https:\/\/vdh-sindelfingen.de\/index.php?rest_route=%2Fwp%2Fv2%2Fcomments&post=31"}],"version-history":[{"count":1,"href":"https:\/\/vdh-sindelfingen.de\/index.php?rest_route=\/wp\/v2\/pages\/31\/revisions"}],"predecessor-version":[{"id":4332,"href":"https:\/\/vdh-sindelfingen.de\/index.php?rest_route=\/wp\/v2\/pages\/31\/revisions\/4332"}],"wp:attachment":[{"href":"https:\/\/vdh-sindelfingen.de\/index.php?rest_route=%2Fwp%2Fv2%2Fmedia&parent=31"}],"curies":[{"name":"wp","href":"https:\/\/api.w.org\/{rel}","templated":true}]}}