{"id":34,"date":"2014-04-19T22:36:34","date_gmt":"2014-04-19T20:36:34","guid":{"rendered":"http:\/\/vdh-sindelfingen.de\/CMS\/?page_id=34"},"modified":"2014-06-22T12:53:39","modified_gmt":"2014-06-22T10:53:39","slug":"vdh-sindelfingen","status":"publish","type":"page","link":"https:\/\/vdh-sindelfingen.de\/?page_id=34","title":{"rendered":"VdH Sindelfingen"},"content":{"rendered":"<p>Der VdH Sindelfingen feiert im Jahr 2014 das 100-j\u00e4hrige Bestehen. Einen kleinen <a title=\"Vereinsgeschichte\" href=\"http:\/\/vdh-sindelfingen.de\/?page_id=147\"><strong>R\u00fcckblick in die Vereinsgeschichte<\/strong><\/a> haben wir hier zusammengestellt.<\/p>\n<p>Der <a title=\"Vorstand\" href=\"http:\/\/vdh-sindelfingen.de\/?page_id=138\"><strong>Vorstand<\/strong><\/a> und die <a title=\"\u00dcbungsleiter\" href=\"http:\/\/vdh-sindelfingen.de\/?page_id=149\"><strong>\u00dcbungsleiter<\/strong><\/a> stehen immer mit Rat und Tat zur Seite.<\/p>\n<p>Im VdH Sindelfingen werden die Hunde nach einem <a title=\"Ausbildungskonzept\" href=\"http:\/\/vdh-sindelfingen.de\/?page_id=153\"><strong>roten Faden<\/strong><\/a> ausgebildet, die <a title=\"Trainingszeiten\" href=\"http:\/\/vdh-sindelfingen.de\/?page_id=151\"><strong>Trainingszeiten<\/strong><\/a> zu den verschiedenen Gruppen finden Sie hier.<\/p>\n","protected":false},"excerpt":{"rendered":"<p>Der VdH Sindelfingen feiert im Jahr 2014 das 100-j\u00e4hrige Bestehen. Einen kleinen R\u00fcckblick in die Vereinsgeschichte haben wir hier zusammengestellt. Der Vorstand und die \u00dcbungsleiter stehen immer mit Rat und Tat zur Seite. Im VdH Sindelfingen werden die Hunde nach einem roten Faden ausgebildet, die Trainingszeiten zu den verschiedenen Gruppen finden Sie hier.<\/p>\n","protected":false},"author":4,"featured_media":0,"parent":0,"menu_order":0,"comment_status":"open","ping_status":"open","template":"","meta":{"pmpro_default_level":"","_mc_calendar":[],"footnotes":""},"class_list":["post-34","page","type-page","status-publish","hentry","pmpro-has-access","nodate","item-wrap"],"_links":{"self":[{"href":"https:\/\/vdh-sindelfingen.de\/index.php?rest_route=\/wp\/v2\/pages\/34","targetHints":{"allow":["GET"]}}],"collection":[{"href":"https:\/\/vdh-sindelfingen.de\/index.php?rest_route=\/wp\/v2\/pages"}],"about":[{"href":"https:\/\/vdh-sindelfingen.de\/index.php?rest_route=\/wp\/v2\/types\/page"}],"author":[{"embeddable":true,"href":"https:\/\/vdh-sindelfingen.de\/index.php?rest_route=\/wp\/v2\/users\/4"}],"replies":[{"embeddable":true,"href":"https:\/\/vdh-sindelfingen.de\/index.php?rest_route=%2Fwp%2Fv2%2Fcomments&post=34"}],"version-history":[{"count":0,"href":"https:\/\/vdh-sindelfingen.de\/index.php?rest_route=\/wp\/v2\/pages\/34\/revisions"}],"wp:attachment":[{"href":"https:\/\/vdh-sindelfingen.de\/index.php?rest_route=%2Fwp%2Fv2%2Fmedia&parent=34"}],"curies":[{"name":"wp","href":"https:\/\/api.w.org\/{rel}","templated":true}]}}