{"id":3583,"date":"2022-01-24T00:19:00","date_gmt":"2022-01-23T22:19:00","guid":{"rendered":"https:\/\/vdh-sindelfingen.de\/?page_id=3583"},"modified":"2024-08-11T09:59:33","modified_gmt":"2024-08-11T07:59:33","slug":"hoopers","status":"publish","type":"page","link":"https:\/\/vdh-sindelfingen.de\/?page_id=3583","title":{"rendered":"Hoopers"},"content":{"rendered":"\n<div class=\"wp-block-columns is-layout-flex wp-container-core-columns-is-layout-9d6595d7 wp-block-columns-is-layout-flex\">\n<div class=\"wp-block-column is-layout-flow wp-block-column-is-layout-flow\" style=\"flex-basis:100%\">\n<p><em><strong>Kurszeiten und Anmeldung:<\/strong><\/em><\/p>\n<p>Hoopers findet freitags ab 18 Uhr statt.<\/p>\n<p>Anmeldung ist hier m\u00f6glich: <a href=\"https:\/\/forms.gle\/zCHWtrqQ2rY6m9AL7\">Hier anmelden<\/a>.<\/p>\n<p>Bitte beachte, dass du nur nach vorheriger Anmeldung am Training teilnehmen kannst.<\/p>\n<p><em><strong>Kursinhalt:<\/strong><\/em><\/p>\n<p>Auf Distanz durch den Parcours. &nbsp;Aus der Entfernung&nbsp;heraus erfolgt die Anleitung durch K\u00f6rpersprache, H\u00f6r- und Sichtzeichen.<\/p>\n<p>Der Parcours besteht vor allem aus B\u00f6gen \u2013 Hoops \u2013 kombiniert mit Tunneln und anderen Ger\u00e4teelementen. Die Herausforderung&nbsp;des Hoopers konzentriert sich ganz auf die&nbsp;F\u00e4higkeit des Hundef\u00fchrers, seinem Hund im richtigen Augenblick die entsprechenden Richtungswechsel anzuzeigen. Es entsteht eine perfekte Abstimmung zwischen Mensch und Hund auf Distanz.<\/p>\n<p>Diese Teamsportart ist&nbsp;eine abwechslungsreiche&nbsp;und spannende&nbsp;M\u00f6glichkeit der k\u00f6rperlichen und geistigen Auslastung.&nbsp;Eine Herausforderung bei der Distanzarbeit, Bindung und Impulskontrolle&nbsp;vereint werden.<\/p>\n<p><em><strong>Voraussetzung:<\/strong><\/em><\/p>\n<p>Hoopers ist grunds\u00e4tzlich f\u00fcr jeden Hund geeignet, der gesund ist. Die Belastung auf die Gelenke ist verglichen mit Agility bedeutend geringer, aber nicht weniger anstrengend f\u00fcr Hund und Mensch.<\/p>\n<p><em><strong>Der Hund muss<\/strong><\/em><\/p>\n<p>\u2013 <strong>ohne Leine<\/strong> arbeiten k\u00f6nnen.&nbsp;<\/p>\n<p><em><strong>Bitte bringen Sie<\/strong><\/em><\/p>\n<p><strong>&nbsp;\u2013 eine wurff\u00e4hige Belohnung<\/strong>&nbsp;(Spielzeug, Dummy und\/oder gro\u00dfe Leckerlies),<\/p>\n<p>mit.<\/p>\n<p><em><strong>Hintergrundinfos:<\/strong><\/em><\/p>\n<p>Hoopers ist noch eine relativ junge Sportart, die vor allem aus den USA kam. In den letzten Jahren hat sie sich enorm weiterentwickelt und 2020 seine erste Pr\u00fcfungsordnung im VDH erhalten. In Sindelfingen wird Hoopers seit 2020 von Einzelpersonen trainiert und seit 2021 gibt es einen Kurs.&nbsp;<\/p>\n<p>&nbsp;<\/p>\n<\/div>\n<\/div>\n","protected":false},"excerpt":{"rendered":"<p>Kurszeiten und Anmeldung: Hoopers findet freitags ab 18 Uhr statt. Anmeldung ist hier m\u00f6glich: Hier anmelden. Bitte beachte, dass du nur nach vorheriger Anmeldung am Training teilnehmen kannst. Kursinhalt: Auf Distanz durch den Parcours. &nbsp;Aus der Entfernung&nbsp;heraus erfolgt die Anleitung durch K\u00f6rpersprache, H\u00f6r- und Sichtzeichen. Der Parcours besteht vor allem aus B\u00f6gen \u2013 Hoops \u2013 &hellip; <\/p>\n<p><a class=\"more-link btn\" href=\"https:\/\/vdh-sindelfingen.de\/?page_id=3583\">Weiterlesen<\/a><\/p>\n","protected":false},"author":12,"featured_media":3590,"parent":0,"menu_order":0,"comment_status":"closed","ping_status":"closed","template":"","meta":{"pmpro_default_level":"","_mc_calendar":[],"footnotes":""},"class_list":["post-3583","page","type-page","status-publish","has-post-thumbnail","hentry","pmpro-has-access","nodate","item-wrap"],"_links":{"self":[{"href":"https:\/\/vdh-sindelfingen.de\/index.php?rest_route=\/wp\/v2\/pages\/3583","targetHints":{"allow":["GET"]}}],"collection":[{"href":"https:\/\/vdh-sindelfingen.de\/index.php?rest_route=\/wp\/v2\/pages"}],"about":[{"href":"https:\/\/vdh-sindelfingen.de\/index.php?rest_route=\/wp\/v2\/types\/page"}],"author":[{"embeddable":true,"href":"https:\/\/vdh-sindelfingen.de\/index.php?rest_route=\/wp\/v2\/users\/12"}],"replies":[{"embeddable":true,"href":"https:\/\/vdh-sindelfingen.de\/index.php?rest_route=%2Fwp%2Fv2%2Fcomments&post=3583"}],"version-history":[{"count":11,"href":"https:\/\/vdh-sindelfingen.de\/index.php?rest_route=\/wp\/v2\/pages\/3583\/revisions"}],"predecessor-version":[{"id":4427,"href":"https:\/\/vdh-sindelfingen.de\/index.php?rest_route=\/wp\/v2\/pages\/3583\/revisions\/4427"}],"wp:featuredmedia":[{"embeddable":true,"href":"https:\/\/vdh-sindelfingen.de\/index.php?rest_route=\/wp\/v2\/media\/3590"}],"wp:attachment":[{"href":"https:\/\/vdh-sindelfingen.de\/index.php?rest_route=%2Fwp%2Fv2%2Fmedia&parent=3583"}],"curies":[{"name":"wp","href":"https:\/\/api.w.org\/{rel}","templated":true}]}}