{"id":37,"date":"2014-04-19T22:47:35","date_gmt":"2014-04-19T20:47:35","guid":{"rendered":"http:\/\/vdh-sindelfingen.de\/CMS\/?page_id=37"},"modified":"2024-01-16T22:40:12","modified_gmt":"2024-01-16T20:40:12","slug":"agility","status":"publish","type":"page","link":"https:\/\/vdh-sindelfingen.de\/?page_id=37","title":{"rendered":"Agility"},"content":{"rendered":"<p style=\"text-align: justify;\"><strong><em>Kurszeiten und Online-Anmeldung<br \/>\n<\/em><\/strong><\/p>\n<p style=\"text-align: justify;\">Anf\u00e4nger: -&gt; <a href=\"https:\/\/vdh-sindelfingen.de\/?page_id=3811\">Anmeldung<\/a><br \/>\nMontag 17.45 &#8211; 19.15; Dienstag 17.45 &#8211; 19.15<\/p>\n<p style=\"text-align: justify;\">Fortgeschritten: &gt; <a href=\"https:\/\/docs.google.com\/forms\/d\/e\/1FAIpQLSd70qkQGe7lsVbFu01tvqMJY__9jy-vrzNGSzBZYjPI7ULZBA\/viewform?usp=sf_link\">Anmeldung<\/a><br \/>\nDonnerstag 18.30 &#8211; 20.00<\/p>\n<p style=\"text-align: justify;\">Turniergruppen: -&gt; <a href=\"https:\/\/docs.google.com\/forms\/d\/e\/1FAIpQLSfXKG2vuOA4reB-dHmwTQjQJuLyd7VWr9yhPT16vWMfuES_cA\/viewform?usp=sf_link\">Anmeldung<\/a><br \/>\nMontag 19.30 &#8211; 21.00; Dienstag 19.30 &#8211; 21.00 Uhr; Donnerstag 15.00 &#8211; 17.00 Uhr<\/p>\n<p style=\"text-align: justify;\">Eine Teilnahme ist nur nach vorheriger Anmeldung \u00fcber das Online-Formular m\u00f6glich.<\/p>\n<p>Agility ist eine sehr beliebte Hundesportart, sowohl im Freizeit- als auch im Leistungsbereich. F\u00fcr viele Personen bietet die Mischung aus Geschwindigkeit und Geschicklichkeit eine gute M\u00f6glichkeit ihren Hund k\u00f6rperlich und geistig fit zu halten. Der Spa\u00dffaktor kommt sowohl beim Zwei- als auch beim Vierbeiner nicht zu kurz. Der Hund muss in einem Parcours verschiedene Ger\u00e4te nacheinander fehlerfrei absolvieren und das in m\u00f6glichst kurzer Zeit. W\u00e4hrend dem Lauf darf man seinen Hund nur mit der Stimme und per K\u00f6rpersprache f\u00fchren, dabei ist es aber v\u00f6llig egal, welchen Weg man zwischen den Hindernissen nimmt, der Hund darf vor, hinter, rechts oder links von seinem Hundef\u00fchrer laufen. Die Ger\u00e4te sind nie gleich angeordnet, sondern stehen immer wieder in einer neuen Reihenfolge, so dass sich der Hundef\u00fchrer jedes Mal einen neuen Parcours merken muss. Die Ger\u00e4te im Agility sind sehr vielf\u00e4ltig, es gibt verschiedene Sprungger\u00e4te (H\u00fcrde, Mauer, Reifen, Weitsprung), Tunnels, einen Slalom, und die Kontaktzonenger\u00e4te (Steg, A-Wand, Wippe). In den verschieden Kursen werden die Hund-Mensch-Teams an die verschiedenen Ger\u00e4te und Laufkombinationen hingef\u00fchrt.<\/p>\n<p><strong><em>Voraussetzungen:<\/em><\/strong><\/p>\n<p>Agility ist prinzipiell f\u00fcr alle Hunde und alle Menschen geeignet. Eine Grundfitness und Motivation sowohl beim Hund als auch beim Hundef\u00fchrer sollte jedoch vorhanden sein. Die Hunde werden beim Agility in vier Gr\u00f6\u00dfenklassen (large, intermediate, midi, small) eingeteilt, deshalb sind die meisten sportlichen Hunde in diesem Sport gut aufgehoben! Nur f\u00fcr sehr gro\u00dfe oder sehr schwere Hunde ist Agility eventuell nicht der passende Sport, oder das Training muss entsprechend angepasst werden. Bei uns sind alle Hundef\u00fchrer*innen mit ihren Hunden sehr gerne gesehen und d\u00fcrfen am Training teilnehmen.<\/p>\n<p>Der Hund sollte<\/p>\n<p>\u2013 mindestens 1 Jahr alt sein,<\/p>\n<p>\u2013 fit und gesund sein,<\/p>\n<p>\u2013 nicht \u00fcbergewichtig sein.<\/p>\n<p><strong><em>Hintergrundinfos:<\/em><\/strong><\/p>\n<p>Seit 2002 wird bei den Hundefreunden Sindelfingen Agility angeboten. Mittlerweile sind viele Agility Sportler*innen unseres Vereins erfolgreich auf Meisterschaften, Turnieren und Fun-Turnieren in der ganzen Region und dar\u00fcber hinaus erfolgreich unterwegs.<\/p>\n<p>Voraussetzung f\u00fcr Turnierstarts ist die Begleithundepr\u00fcfung.<\/p>\n<p><strong><em>Bitte bringen Sie<\/em><\/strong><\/p>\n<p>\u2013 <strong>Sportklamotten<\/strong> und <strong>Sportschuhe<\/strong><\/p>\n<p>\u2013 eine<strong>\u00a0normale, kurze Leine<\/strong>\u00a0(m\u00f6glichst ohne \u00d6sen,<strong>\u00a0keine<\/strong>\u00a0Flexi-Leine),<\/p>\n<p>\u2013 ein\u00a0<strong>normales Halsband<\/strong>\u00a0(kein Zugstopp) oder <strong>Geschirr<\/strong>,<\/p>\n<p>\u2013 viele\u00a0<strong>kleine, weiche Leckerchen\u00a0<\/strong>(am einfachsten sind kleine Wurst- oder K\u00e4sest\u00fcckchen)<\/p>\n<p>\u2013 ein\u00a0<strong>Zerrspielzeug<\/strong>\u00a0(z.B. ein Tau, Ball mit Schnur)<\/p>\n<p>\u2013 und wenn vorhanden einen\u00a0<strong>Erdhaken<\/strong>\u00a0zum Anbinden des Hundes<\/p>\n<p>mit.<\/p>\n\n\t\t<style type=\"text\/css\">\n\t\t\t#gallery-1 {\n\t\t\t\tmargin: auto;\n\t\t\t}\n\t\t\t#gallery-1 .gallery-item {\n\t\t\t\tfloat: left;\n\t\t\t\tmargin-top: 10px;\n\t\t\t\ttext-align: center;\n\t\t\t\twidth: 33%;\n\t\t\t}\n\t\t\t#gallery-1 img {\n\t\t\t\tborder: 2px solid #cfcfcf;\n\t\t\t}\n\t\t\t#gallery-1 .gallery-caption {\n\t\t\t\tmargin-left: 0;\n\t\t\t}\n\t\t\t\/* see gallery_shortcode() in wp-includes\/media.php *\/\n\t\t<\/style>\n\t\t<div id='gallery-1' class='gallery galleryid-37 gallery-columns-3 gallery-size-thumbnail'><dl class='gallery-item'>\n\t\t\t<dt class='gallery-icon landscape'>\n\t\t\t\t<a href='https:\/\/vdh-sindelfingen.de\/wp-content\/uploads\/DSC_9572-scaled.jpg'><img loading=\"lazy\" decoding=\"async\" width=\"150\" height=\"150\" src=\"https:\/\/vdh-sindelfingen.de\/wp-content\/uploads\/DSC_9572-150x150.jpg\" class=\"attachment-thumbnail size-thumbnail\" alt=\"\" \/><\/a>\n\t\t\t<\/dt><\/dl><dl class='gallery-item'>\n\t\t\t<dt class='gallery-icon landscape'>\n\t\t\t\t<a href='https:\/\/vdh-sindelfingen.de\/wp-content\/uploads\/DSC_9455-scaled.jpg'><img loading=\"lazy\" decoding=\"async\" width=\"150\" height=\"150\" src=\"https:\/\/vdh-sindelfingen.de\/wp-content\/uploads\/DSC_9455-150x150.jpg\" class=\"attachment-thumbnail size-thumbnail\" alt=\"\" \/><\/a>\n\t\t\t<\/dt><\/dl><dl class='gallery-item'>\n\t\t\t<dt class='gallery-icon landscape'>\n\t\t\t\t<a href='https:\/\/vdh-sindelfingen.de\/wp-content\/uploads\/MZXQ7363.jpg'><img loading=\"lazy\" decoding=\"async\" width=\"150\" height=\"150\" src=\"https:\/\/vdh-sindelfingen.de\/wp-content\/uploads\/MZXQ7363-150x150.jpg\" class=\"attachment-thumbnail size-thumbnail\" alt=\"\" \/><\/a>\n\t\t\t<\/dt><\/dl><br style=\"clear: both\" \/><dl class='gallery-item'>\n\t\t\t<dt class='gallery-icon landscape'>\n\t\t\t\t<a href='https:\/\/vdh-sindelfingen.de\/wp-content\/uploads\/FBYQ3901.jpg'><img loading=\"lazy\" decoding=\"async\" width=\"150\" height=\"150\" src=\"https:\/\/vdh-sindelfingen.de\/wp-content\/uploads\/FBYQ3901-150x150.jpg\" class=\"attachment-thumbnail size-thumbnail\" alt=\"\" \/><\/a>\n\t\t\t<\/dt><\/dl><dl class='gallery-item'>\n\t\t\t<dt class='gallery-icon landscape'>\n\t\t\t\t<a href='https:\/\/vdh-sindelfingen.de\/wp-content\/uploads\/IMG_8912-1-scaled.jpg'><img loading=\"lazy\" decoding=\"async\" width=\"150\" height=\"150\" src=\"https:\/\/vdh-sindelfingen.de\/wp-content\/uploads\/IMG_8912-1-150x150.jpg\" class=\"attachment-thumbnail size-thumbnail\" alt=\"\" \/><\/a>\n\t\t\t<\/dt><\/dl><dl class='gallery-item'>\n\t\t\t<dt class='gallery-icon landscape'>\n\t\t\t\t<a href='https:\/\/vdh-sindelfingen.de\/wp-content\/uploads\/QAFK0678.jpg'><img loading=\"lazy\" decoding=\"async\" width=\"150\" height=\"150\" src=\"https:\/\/vdh-sindelfingen.de\/wp-content\/uploads\/QAFK0678-150x150.jpg\" class=\"attachment-thumbnail size-thumbnail\" alt=\"\" \/><\/a>\n\t\t\t<\/dt><\/dl><br style=\"clear: both\" \/><dl class='gallery-item'>\n\t\t\t<dt class='gallery-icon landscape'>\n\t\t\t\t<a href='https:\/\/vdh-sindelfingen.de\/wp-content\/uploads\/IMG_8700-1-scaled.jpg'><img loading=\"lazy\" decoding=\"async\" width=\"150\" height=\"150\" src=\"https:\/\/vdh-sindelfingen.de\/wp-content\/uploads\/IMG_8700-1-150x150.jpg\" class=\"attachment-thumbnail size-thumbnail\" alt=\"\" \/><\/a>\n\t\t\t<\/dt><\/dl><dl class='gallery-item'>\n\t\t\t<dt class='gallery-icon landscape'>\n\t\t\t\t<a href='https:\/\/vdh-sindelfingen.de\/wp-content\/uploads\/IMG_8647-1-scaled.jpg'><img loading=\"lazy\" decoding=\"async\" width=\"150\" height=\"150\" src=\"https:\/\/vdh-sindelfingen.de\/wp-content\/uploads\/IMG_8647-1-150x150.jpg\" class=\"attachment-thumbnail size-thumbnail\" alt=\"\" \/><\/a>\n\t\t\t<\/dt><\/dl><dl class='gallery-item'>\n\t\t\t<dt class='gallery-icon landscape'>\n\t\t\t\t<a href='https:\/\/vdh-sindelfingen.de\/wp-content\/uploads\/DSC_9612-2.jpg'><img loading=\"lazy\" decoding=\"async\" width=\"150\" height=\"150\" src=\"https:\/\/vdh-sindelfingen.de\/wp-content\/uploads\/DSC_9612-2-150x150.jpg\" class=\"attachment-thumbnail size-thumbnail\" alt=\"\" srcset=\"https:\/\/vdh-sindelfingen.de\/wp-content\/uploads\/DSC_9612-2-150x150.jpg 150w, https:\/\/vdh-sindelfingen.de\/wp-content\/uploads\/DSC_9612-2-300x300.jpg 300w, https:\/\/vdh-sindelfingen.de\/wp-content\/uploads\/DSC_9612-2-1024x1024.jpg 1024w, https:\/\/vdh-sindelfingen.de\/wp-content\/uploads\/DSC_9612-2-768x768.jpg 768w, https:\/\/vdh-sindelfingen.de\/wp-content\/uploads\/DSC_9612-2-1536x1536.jpg 1536w, https:\/\/vdh-sindelfingen.de\/wp-content\/uploads\/DSC_9612-2-750x750.jpg 750w, https:\/\/vdh-sindelfingen.de\/wp-content\/uploads\/DSC_9612-2.jpg 1932w\" sizes=\"auto, (max-width: 150px) 100vw, 150px\" \/><\/a>\n\t\t\t<\/dt><\/dl><br style=\"clear: both\" \/><dl class='gallery-item'>\n\t\t\t<dt class='gallery-icon landscape'>\n\t\t\t\t<a href='https:\/\/vdh-sindelfingen.de\/wp-content\/uploads\/PDFD6508.jpg'><img loading=\"lazy\" decoding=\"async\" width=\"150\" height=\"150\" src=\"https:\/\/vdh-sindelfingen.de\/wp-content\/uploads\/PDFD6508-150x150.jpg\" class=\"attachment-thumbnail size-thumbnail\" alt=\"\" \/><\/a>\n\t\t\t<\/dt><\/dl><dl class='gallery-item'>\n\t\t\t<dt class='gallery-icon landscape'>\n\t\t\t\t<a href='https:\/\/vdh-sindelfingen.de\/wp-content\/uploads\/DSC_9334-scaled.jpg'><img loading=\"lazy\" decoding=\"async\" width=\"150\" height=\"150\" src=\"https:\/\/vdh-sindelfingen.de\/wp-content\/uploads\/DSC_9334-150x150.jpg\" class=\"attachment-thumbnail size-thumbnail\" alt=\"\" \/><\/a>\n\t\t\t<\/dt><\/dl><dl class='gallery-item'>\n\t\t\t<dt class='gallery-icon landscape'>\n\t\t\t\t<a href='https:\/\/vdh-sindelfingen.de\/wp-content\/uploads\/DSC_9558-scaled.jpg'><img loading=\"lazy\" decoding=\"async\" width=\"150\" height=\"150\" src=\"https:\/\/vdh-sindelfingen.de\/wp-content\/uploads\/DSC_9558-150x150.jpg\" class=\"attachment-thumbnail size-thumbnail\" alt=\"\" \/><\/a>\n\t\t\t<\/dt><\/dl><br style=\"clear: both\" \/><dl class='gallery-item'>\n\t\t\t<dt class='gallery-icon landscape'>\n\t\t\t\t<a href='https:\/\/vdh-sindelfingen.de\/wp-content\/uploads\/IFQT2196.jpg'><img loading=\"lazy\" decoding=\"async\" width=\"150\" height=\"150\" src=\"https:\/\/vdh-sindelfingen.de\/wp-content\/uploads\/IFQT2196-150x150.jpg\" class=\"attachment-thumbnail size-thumbnail\" alt=\"\" \/><\/a>\n\t\t\t<\/dt><\/dl><dl class='gallery-item'>\n\t\t\t<dt class='gallery-icon landscape'>\n\t\t\t\t<a href='https:\/\/vdh-sindelfingen.de\/wp-content\/uploads\/GFBB3086.jpg'><img loading=\"lazy\" decoding=\"async\" width=\"150\" height=\"150\" src=\"https:\/\/vdh-sindelfingen.de\/wp-content\/uploads\/GFBB3086-150x150.jpg\" class=\"attachment-thumbnail size-thumbnail\" alt=\"\" \/><\/a>\n\t\t\t<\/dt><\/dl><dl class='gallery-item'>\n\t\t\t<dt class='gallery-icon landscape'>\n\t\t\t\t<a href='https:\/\/vdh-sindelfingen.de\/wp-content\/uploads\/IMG_8858-1.jpg'><img loading=\"lazy\" decoding=\"async\" width=\"150\" height=\"150\" src=\"https:\/\/vdh-sindelfingen.de\/wp-content\/uploads\/IMG_8858-1-150x150.jpg\" class=\"attachment-thumbnail size-thumbnail\" alt=\"\" \/><\/a>\n\t\t\t<\/dt><\/dl><br style=\"clear: both\" \/>\n\t\t<\/div>\n\n","protected":false},"excerpt":{"rendered":"<p>Kurszeiten und Online-Anmeldung Anf\u00e4nger: -&gt; Anmeldung Montag 17.45 &#8211; 19.15; Dienstag 17.45 &#8211; 19.15 Fortgeschritten: &gt; Anmeldung Donnerstag 18.30 &#8211; 20.00 Turniergruppen: -&gt; Anmeldung Montag 19.30 &#8211; 21.00; Dienstag 19.30 &#8211; 21.00 Uhr; Donnerstag 15.00 &#8211; 17.00 Uhr Eine Teilnahme ist nur nach vorheriger Anmeldung \u00fcber das Online-Formular m\u00f6glich. Agility ist eine sehr beliebte Hundesportart, &hellip; <\/p>\n<p><a class=\"more-link btn\" href=\"https:\/\/vdh-sindelfingen.de\/?page_id=37\">Weiterlesen<\/a><\/p>\n","protected":false},"author":4,"featured_media":0,"parent":20,"menu_order":0,"comment_status":"open","ping_status":"open","template":"","meta":{"pmpro_default_level":"","_mc_calendar":[],"footnotes":""},"class_list":["post-37","page","type-page","status-publish","hentry","pmpro-has-access","nodate","item-wrap"],"_links":{"self":[{"href":"https:\/\/vdh-sindelfingen.de\/index.php?rest_route=\/wp\/v2\/pages\/37","targetHints":{"allow":["GET"]}}],"collection":[{"href":"https:\/\/vdh-sindelfingen.de\/index.php?rest_route=\/wp\/v2\/pages"}],"about":[{"href":"https:\/\/vdh-sindelfingen.de\/index.php?rest_route=\/wp\/v2\/types\/page"}],"author":[{"embeddable":true,"href":"https:\/\/vdh-sindelfingen.de\/index.php?rest_route=\/wp\/v2\/users\/4"}],"replies":[{"embeddable":true,"href":"https:\/\/vdh-sindelfingen.de\/index.php?rest_route=%2Fwp%2Fv2%2Fcomments&post=37"}],"version-history":[{"count":28,"href":"https:\/\/vdh-sindelfingen.de\/index.php?rest_route=\/wp\/v2\/pages\/37\/revisions"}],"predecessor-version":[{"id":4368,"href":"https:\/\/vdh-sindelfingen.de\/index.php?rest_route=\/wp\/v2\/pages\/37\/revisions\/4368"}],"up":[{"embeddable":true,"href":"https:\/\/vdh-sindelfingen.de\/index.php?rest_route=\/wp\/v2\/pages\/20"}],"wp:attachment":[{"href":"https:\/\/vdh-sindelfingen.de\/index.php?rest_route=%2Fwp%2Fv2%2Fmedia&parent=37"}],"curies":[{"name":"wp","href":"https:\/\/api.w.org\/{rel}","templated":true}]}}