{"id":42,"date":"2014-04-20T00:47:59","date_gmt":"2014-04-19T22:47:59","guid":{"rendered":"http:\/\/vdh-sindelfingen.de\/CMS\/?page_id=42"},"modified":"2022-03-09T13:30:10","modified_gmt":"2022-03-09T11:30:10","slug":"obedience","status":"publish","type":"page","link":"https:\/\/vdh-sindelfingen.de\/?page_id=42","title":{"rendered":"Obedience"},"content":{"rendered":"<p><em><strong>Kurszeiten und Anmeldung:<\/strong><\/em><\/p>\n<p>Obedience finden mittwochs ab 18.30 statt.<\/p>\n<p><a href=\"https:\/\/docs.google.com\/forms\/d\/e\/1FAIpQLSeb_DkXrUdAFkgVu5AB59EPMMD9C8vuCghntNZn8tXYUQeH_w\/viewform?usp=sf_link\">Hier geht es zur Anmeldung.<\/a><br \/>\nBitte beachte, dass du nur nach vorheriger Anmeldung am Training teilnehmen kannst.<\/p>\n<p><em><strong>Schnuppertraining<\/strong><\/em><\/p>\n<p>Wir bieten ein Obedience Schnuppertraining an, Montags 18.30 Uhr.<br \/>\nStart ist der 21.03, danach immer am 1. Montag im Monat.<\/p>\n<p><a href=\"https:\/\/forms.gle\/gfbv4MbUdnkWd772A\">Hier geht es zur Anmeldung.<\/a><\/p>\n<p><em><strong>Kursinhalt:<\/strong><\/em><\/p>\n<p style=\"text-align: justify;\">Obedience stammt aus England und bedeutet auf deutsch nichts anderes als &#8222;Gehorsam&#8220; oder &#8222;Unterordnung&#8220;. In dieser Sportart geht es darum, dass der Hund in verschiedenen Gehorsams\u00fcbungen m\u00f6glichst korrekt aber auch motiviert mit seinem Hundef\u00fchrer zusammen arbeitet. Zu den verschiedenen \u00dcbungen geh\u00f6rt zum Beispiel die Fu\u00dfarbeit, das Apportieren von Holz oder Metall, das Identifizieren eines Gegenstandes, das Einnehmen verschiedener Positionen auf Distanz und das Verhalten gegen\u00fcber anderen Hunden. Auch der Umgang des Menschen mit seinem Hund flie\u00dft in die Bewertung mit ein. Im Obedience wird in verschiedenen Leistungsklassen gestartet, diese f\u00fchren von der Beginnerklasse zu den Klassen 1, 2 und 3. Mit jeder Klasse steigen die Anforderungen an Hund und Hundef\u00fchrer. In jeder Pr\u00fcfung gibt es neben dem Richter auch einen Steward, der den Hundef\u00fchrer von \u00dcbung zu \u00dcbung durch die Pr\u00fcfung f\u00fchrt. So wird jede Pr\u00fcfung auch immer wieder ein wenig anders gestaltet.<\/p>\n<p><em><strong> Voraussetzung:<\/strong><\/em><\/p>\n<p style=\"text-align: justify;\">Obedience ist vor allem f\u00fcr aktive und motiviert arbeitende Hunde geeignet. Die Hundef\u00fchrer sollten Spa\u00df an der intensiven Arbeit mit seinem Hund haben. Die \u00dcbungen werden dabei in kleinste Einzeleinheiten aufgegliedert und detailgenau trainiert. Sind diese Voraussetzungen gegeben, kann jedes Team am Obedience Spa\u00df haben, egal ob es sich um einen jungen, \u00e4lteren, gro\u00dfen oder kleinen Hund handelt und ob der Hundef\u00fchrer sportlich ist oder eher zur gem\u00fctlichen Sorte Mensch geh\u00f6rt.<\/p>\n<p>Der Hund muss<\/p>\n<p>&#8211; die Begleithundepr\u00fcfung bestanden haben.<\/p>\n<p><em><strong>Bitte bringen Sie<\/strong><\/em><\/p>\n<p><strong>\u00a0\u2013 eine normale, kurze Leine<\/strong> (1m, keine \u00d6sen),<\/p>\n<p>\u2013 viele <strong>kleine, weiche Lerckerchen <\/strong>(am einfachsten sind kleine Wurst- oder K\u00e4sest\u00fcckchen)<\/p>\n<p>mit.<\/p>\n<p><em><strong> Hintergrundinfos:<\/strong><\/em><\/p>\n<p>Im VdH Sindelfingen gibt es seit 2009 eine Obedience-Gruppe. In drei verschiedenen Gruppen werden unsere Obedience-Sportler auf die Pr\u00fcfungen in verschiedenen Leistungsklassen vorbereitet. Auf Vereinspr\u00fcfungen und Kreisgruppenmeisterschaften konnten die Sindelfinger schon Erfolge feiern. Ein Highlight war 2011 der 1. Platz bei der swhv-Obedience-Jugendmeisterschaft durch Tania mit ihrer Emma, sowie 2014 der 1. Platz von Sarah mit Nele.<\/p>\n\n\t\t<style type=\"text\/css\">\n\t\t\t#gallery-1 {\n\t\t\t\tmargin: auto;\n\t\t\t}\n\t\t\t#gallery-1 .gallery-item {\n\t\t\t\tfloat: left;\n\t\t\t\tmargin-top: 10px;\n\t\t\t\ttext-align: center;\n\t\t\t\twidth: 33%;\n\t\t\t}\n\t\t\t#gallery-1 img {\n\t\t\t\tborder: 2px solid #cfcfcf;\n\t\t\t}\n\t\t\t#gallery-1 .gallery-caption {\n\t\t\t\tmargin-left: 0;\n\t\t\t}\n\t\t\t\/* see gallery_shortcode() in wp-includes\/media.php *\/\n\t\t<\/style>\n\t\t<div id='gallery-1' class='gallery galleryid-42 gallery-columns-3 gallery-size-thumbnail'><dl class='gallery-item'>\n\t\t\t<dt class='gallery-icon portrait'>\n\t\t\t\t<a href='https:\/\/vdh-sindelfingen.de\/wp-content\/uploads\/IMG_1338.jpg'><img loading=\"lazy\" decoding=\"async\" width=\"150\" height=\"150\" src=\"https:\/\/vdh-sindelfingen.de\/wp-content\/uploads\/IMG_1338-150x150.jpg\" class=\"attachment-thumbnail size-thumbnail\" alt=\"\" \/><\/a>\n\t\t\t<\/dt><\/dl><dl class='gallery-item'>\n\t\t\t<dt class='gallery-icon portrait'>\n\t\t\t\t<a href='https:\/\/vdh-sindelfingen.de\/wp-content\/uploads\/IMG_3403.jpg'><img loading=\"lazy\" decoding=\"async\" width=\"150\" height=\"150\" src=\"https:\/\/vdh-sindelfingen.de\/wp-content\/uploads\/IMG_3403-150x150.jpg\" class=\"attachment-thumbnail size-thumbnail\" alt=\"\" \/><\/a>\n\t\t\t<\/dt><\/dl><dl class='gallery-item'>\n\t\t\t<dt class='gallery-icon landscape'>\n\t\t\t\t<a href='https:\/\/vdh-sindelfingen.de\/wp-content\/uploads\/IMG_9890.jpg'><img loading=\"lazy\" decoding=\"async\" width=\"150\" height=\"150\" src=\"https:\/\/vdh-sindelfingen.de\/wp-content\/uploads\/IMG_9890-150x150.jpg\" class=\"attachment-thumbnail size-thumbnail\" alt=\"\" \/><\/a>\n\t\t\t<\/dt><\/dl><br style=\"clear: both\" \/><dl class='gallery-item'>\n\t\t\t<dt class='gallery-icon landscape'>\n\t\t\t\t<a href='https:\/\/vdh-sindelfingen.de\/wp-content\/uploads\/IMG_1326.jpg'><img loading=\"lazy\" decoding=\"async\" width=\"150\" height=\"150\" src=\"https:\/\/vdh-sindelfingen.de\/wp-content\/uploads\/IMG_1326-150x150.jpg\" class=\"attachment-thumbnail size-thumbnail\" alt=\"\" \/><\/a>\n\t\t\t<\/dt><\/dl><dl class='gallery-item'>\n\t\t\t<dt class='gallery-icon portrait'>\n\t\t\t\t<a href='https:\/\/vdh-sindelfingen.de\/wp-content\/uploads\/IMG_9881.jpg'><img loading=\"lazy\" decoding=\"async\" width=\"150\" height=\"150\" src=\"https:\/\/vdh-sindelfingen.de\/wp-content\/uploads\/IMG_9881-150x150.jpg\" class=\"attachment-thumbnail size-thumbnail\" alt=\"\" \/><\/a>\n\t\t\t<\/dt><\/dl>\n\t\t\t<br style='clear: both' \/>\n\t\t<\/div>\n\n","protected":false},"excerpt":{"rendered":"<p>Kurszeiten und Anmeldung: Obedience finden mittwochs ab 18.30 statt. Hier geht es zur Anmeldung. Bitte beachte, dass du nur nach vorheriger Anmeldung am Training teilnehmen kannst. Schnuppertraining Wir bieten ein Obedience Schnuppertraining an, Montags 18.30 Uhr. Start ist der 21.03, danach immer am 1. Montag im Monat. Hier geht es zur Anmeldung. Kursinhalt: Obedience stammt &hellip; <\/p>\n<p><a class=\"more-link btn\" href=\"https:\/\/vdh-sindelfingen.de\/?page_id=42\">Weiterlesen<\/a><\/p>\n","protected":false},"author":4,"featured_media":0,"parent":20,"menu_order":0,"comment_status":"open","ping_status":"open","template":"","meta":{"pmpro_default_level":"","_mc_calendar":[],"footnotes":""},"class_list":["post-42","page","type-page","status-publish","hentry","pmpro-has-access","nodate","item-wrap"],"_links":{"self":[{"href":"https:\/\/vdh-sindelfingen.de\/index.php?rest_route=\/wp\/v2\/pages\/42","targetHints":{"allow":["GET"]}}],"collection":[{"href":"https:\/\/vdh-sindelfingen.de\/index.php?rest_route=\/wp\/v2\/pages"}],"about":[{"href":"https:\/\/vdh-sindelfingen.de\/index.php?rest_route=\/wp\/v2\/types\/page"}],"author":[{"embeddable":true,"href":"https:\/\/vdh-sindelfingen.de\/index.php?rest_route=\/wp\/v2\/users\/4"}],"replies":[{"embeddable":true,"href":"https:\/\/vdh-sindelfingen.de\/index.php?rest_route=%2Fwp%2Fv2%2Fcomments&post=42"}],"version-history":[{"count":4,"href":"https:\/\/vdh-sindelfingen.de\/index.php?rest_route=\/wp\/v2\/pages\/42\/revisions"}],"predecessor-version":[{"id":3774,"href":"https:\/\/vdh-sindelfingen.de\/index.php?rest_route=\/wp\/v2\/pages\/42\/revisions\/3774"}],"up":[{"embeddable":true,"href":"https:\/\/vdh-sindelfingen.de\/index.php?rest_route=\/wp\/v2\/pages\/20"}],"wp:attachment":[{"href":"https:\/\/vdh-sindelfingen.de\/index.php?rest_route=%2Fwp%2Fv2%2Fmedia&parent=42"}],"curies":[{"name":"wp","href":"https:\/\/api.w.org\/{rel}","templated":true}]}}