{"id":44,"date":"2014-04-20T00:49:33","date_gmt":"2014-04-19T22:49:33","guid":{"rendered":"http:\/\/vdh-sindelfingen.de\/CMS\/?page_id=44"},"modified":"2023-08-02T13:37:14","modified_gmt":"2023-08-02T11:37:14","slug":"welpengruppe","status":"publish","type":"page","link":"https:\/\/vdh-sindelfingen.de\/?page_id=44","title":{"rendered":"Welpengruppe &#8211; Spielerisches Lernen f\u00fcr die Kleinsten"},"content":{"rendered":"<p style=\"text-align: justify;\"><strong><em>Kurszeiten:<\/em><\/strong><\/p>\n<p style=\"text-align: justify;\">Die Welpengruppen treffen sich immer Montags zwischen 18 und 19 Uhr.<br \/>\nDie Einteilung erfolgt nach Alter und Gr\u00f6\u00dfe.<\/p>\n<p><a href=\"https:\/\/docs.google.com\/forms\/d\/e\/1FAIpQLScwQ_oWw7mcEOmTUz7ZTlAhUXaInFojxGvpArBos8sK1BDUQw\/viewform?usp=sf_link\">Hier geht es zur Anmeldung.<\/a><br \/>\nEine Teilnahme ist nur nach vorheriger Anmeldung \u00fcber das Online-Formular m\u00f6glich.<\/p>\n\n\t\t<style type=\"text\/css\">\n\t\t\t#gallery-1 {\n\t\t\t\tmargin: auto;\n\t\t\t}\n\t\t\t#gallery-1 .gallery-item {\n\t\t\t\tfloat: left;\n\t\t\t\tmargin-top: 10px;\n\t\t\t\ttext-align: center;\n\t\t\t\twidth: 33%;\n\t\t\t}\n\t\t\t#gallery-1 img {\n\t\t\t\tborder: 2px solid #cfcfcf;\n\t\t\t}\n\t\t\t#gallery-1 .gallery-caption {\n\t\t\t\tmargin-left: 0;\n\t\t\t}\n\t\t\t\/* see gallery_shortcode() in wp-includes\/media.php *\/\n\t\t<\/style>\n\t\t<div id='gallery-1' class='gallery galleryid-44 gallery-columns-3 gallery-size-thumbnail'><dl class='gallery-item'>\n\t\t\t<dt class='gallery-icon landscape'>\n\t\t\t\t<a href='https:\/\/vdh-sindelfingen.de\/wp-content\/uploads\/IMGP7780-800x496.jpg'><img loading=\"lazy\" decoding=\"async\" width=\"150\" height=\"150\" src=\"https:\/\/vdh-sindelfingen.de\/wp-content\/uploads\/IMGP7780-800x496-150x150.jpg\" class=\"attachment-thumbnail size-thumbnail\" alt=\"\" \/><\/a>\n\t\t\t<\/dt><\/dl><dl class='gallery-item'>\n\t\t\t<dt class='gallery-icon landscape'>\n\t\t\t\t<a href='https:\/\/vdh-sindelfingen.de\/wp-content\/uploads\/IMGP7730-800x530.jpg'><img loading=\"lazy\" decoding=\"async\" width=\"150\" height=\"150\" src=\"https:\/\/vdh-sindelfingen.de\/wp-content\/uploads\/IMGP7730-800x530-150x150.jpg\" class=\"attachment-thumbnail size-thumbnail\" alt=\"\" \/><\/a>\n\t\t\t<\/dt><\/dl>\n\t\t\t<br style='clear: both' \/>\n\t\t<\/div>\n\n<p style=\"text-align: justify;\"><em><strong>Kursinhalt:<\/strong><\/em><\/p>\n<p style=\"text-align: justify;\">Die Welpenzeit ist eine wichtige Phase in der Entwicklung Ihres Hundes. Der Welpe entdeckt seine Umwelt und lernt in dieser Zeit f\u00fcr sein gesamtes Leben. Ziel der Welpengruppe ist es daher spielerisch durch kleine Aufgaben mit Frauchen oder Herrchen die Bindung zu st\u00e4rken, aber auch Sozialverhalten Artgenossen gegen\u00fcber zu erlernen.<\/p>\n<p style=\"text-align: justify;\">Dabei werden wir gemeinsam uns die Neugier gegen\u00fcber neuer Dinge und die Aufgeschlossenheit des Welpens zu nutze machen. Durch positive Verst\u00e4rkung von Herrchen oder Frauchen werden gemeinsam spielerisch die Aufgaben erarbeitet und absolviert. Im freien Spiel im eingez\u00e4unten Welpengarten k\u00f6nnen die Hunde unter Aufsicht und Hilfestellung des \u00dcbungsleiters sich austoben und mit gleichaltrigen Welpen Sozialkontakte verinnerlichen. Bei der Gruppenzusammenstellung wird stets auf Alter, Spielverhalten und Gr\u00f6\u00dfe geachtet, so dass gew\u00e4hrleistet wird, dass kein Welpe beim Spielen zu \u00fcberm\u00fctig wird. Au\u00dferdem kann so der Spielanteil bei den noch j\u00fcngeren Welpen gr\u00f6\u00dfer gehalten werden, wobei ab der 17. Woche schon mehrere kleine \u00dcbungen intergriert werden, die dann auch bereits auf den Junghundekurs vorbereiten.<\/p>\n<p style=\"text-align: justify;\">Aber auch Herrchen oder Frauchen m\u00fcssen in der Welpenzeit viel lernen, sowohl \u00fcber die Erziehung, als auch \u00fcber die Pflege und Ern\u00e4hrung Ihres Vierbeiners. W\u00e4hrend die Hunde spielen bleibt genug Zeit um all diese Fragen zu beantworten.<\/p>\n\n\t\t<style type=\"text\/css\">\n\t\t\t#gallery-2 {\n\t\t\t\tmargin: auto;\n\t\t\t}\n\t\t\t#gallery-2 .gallery-item {\n\t\t\t\tfloat: left;\n\t\t\t\tmargin-top: 10px;\n\t\t\t\ttext-align: center;\n\t\t\t\twidth: 33%;\n\t\t\t}\n\t\t\t#gallery-2 img {\n\t\t\t\tborder: 2px solid #cfcfcf;\n\t\t\t}\n\t\t\t#gallery-2 .gallery-caption {\n\t\t\t\tmargin-left: 0;\n\t\t\t}\n\t\t\t\/* see gallery_shortcode() in wp-includes\/media.php *\/\n\t\t<\/style>\n\t\t<div id='gallery-2' class='gallery galleryid-44 gallery-columns-3 gallery-size-thumbnail'><dl class='gallery-item'>\n\t\t\t<dt class='gallery-icon landscape'>\n\t\t\t\t<a href='https:\/\/vdh-sindelfingen.de\/wp-content\/uploads\/IMGP7865-800x529.jpg'><img loading=\"lazy\" decoding=\"async\" width=\"150\" height=\"150\" src=\"https:\/\/vdh-sindelfingen.de\/wp-content\/uploads\/IMGP7865-800x529-150x150.jpg\" class=\"attachment-thumbnail size-thumbnail\" alt=\"\" \/><\/a>\n\t\t\t<\/dt><\/dl><dl class='gallery-item'>\n\t\t\t<dt class='gallery-icon landscape'>\n\t\t\t\t<a href='https:\/\/vdh-sindelfingen.de\/wp-content\/uploads\/IMGP7727-800x529.jpg'><img loading=\"lazy\" decoding=\"async\" width=\"150\" height=\"150\" src=\"https:\/\/vdh-sindelfingen.de\/wp-content\/uploads\/IMGP7727-800x529-150x150.jpg\" class=\"attachment-thumbnail size-thumbnail\" alt=\"\" \/><\/a>\n\t\t\t<\/dt><\/dl><dl class='gallery-item'>\n\t\t\t<dt class='gallery-icon landscape'>\n\t\t\t\t<a href='https:\/\/vdh-sindelfingen.de\/wp-content\/uploads\/IMGP7726-800x529.jpg'><img loading=\"lazy\" decoding=\"async\" width=\"150\" height=\"150\" src=\"https:\/\/vdh-sindelfingen.de\/wp-content\/uploads\/IMGP7726-800x529-150x150.jpg\" class=\"attachment-thumbnail size-thumbnail\" alt=\"\" \/><\/a>\n\t\t\t<\/dt><\/dl><br style=\"clear: both\" \/>\n\t\t<\/div>\n\n<p style=\"text-align: justify;\"><em><strong>Voraussetzungen:<\/strong><\/em><\/p>\n<p style=\"text-align: justify;\">Ihr Welpe sollte&#8230;<\/p>\n<p style=\"text-align: justify;\">\u00a0&#8211; die SHP Impfung erhalten haben.<\/p>\n<p style=\"text-align: justify;\">\u00a0&#8211; gesund und fit sein.<\/p>\n<p style=\"text-align: justify;\">\u00a0&#8211; haftpflichtversichert sein.<\/p>\n<p style=\"text-align: justify;\">\u00a0&#8211; vor der Welpengruppe nicht zu viel gefressen haben, au\u00dferdem ist es sinnvoll mit dem Welpen noch kurz spazieren zu gehen, damit er sich l\u00f6sen kann.<\/p>\n<p style=\"text-align: justify;\"><em><strong>Bitte bringen Sie<\/strong> <\/em><\/p>\n<p style=\"text-align: justify;\">\u00a0&#8211; den <strong>Impfpass,<\/strong><\/p>\n<p style=\"text-align: justify;\">\u00a0&#8211; den <strong>Versicherungsnachweis,<\/strong><\/p>\n<p style=\"text-align: justify;\">\u00a0&#8211;<strong> eine normale, kurze Leine<\/strong> (m\u00f6glichst ohne \u00d6sen,<strong> keine<\/strong> Flexi-Leine),<\/p>\n<p style=\"text-align: justify;\">\u00a0&#8211; viele <strong>kleine, weiche Lerckerchen <\/strong>(am einfachsten sind kleine Wurst- oder K\u00e4sest\u00fcckchen)<\/p>\n<p style=\"text-align: justify;\">mit.<\/p>\n<p style=\"text-align: justify;\">Wir hoffen Sie und Ihr Hund werden viel Spa\u00df bei uns haben!<\/p>\n<p style=\"text-align: justify;\">Wir freuen uns auf Ihr Kommen!<\/p>\n\n\t\t<style type=\"text\/css\">\n\t\t\t#gallery-3 {\n\t\t\t\tmargin: auto;\n\t\t\t}\n\t\t\t#gallery-3 .gallery-item {\n\t\t\t\tfloat: left;\n\t\t\t\tmargin-top: 10px;\n\t\t\t\ttext-align: center;\n\t\t\t\twidth: 33%;\n\t\t\t}\n\t\t\t#gallery-3 img {\n\t\t\t\tborder: 2px solid #cfcfcf;\n\t\t\t}\n\t\t\t#gallery-3 .gallery-caption {\n\t\t\t\tmargin-left: 0;\n\t\t\t}\n\t\t\t\/* see gallery_shortcode() in wp-includes\/media.php *\/\n\t\t<\/style>\n\t\t<div id='gallery-3' class='gallery galleryid-44 gallery-columns-3 gallery-size-thumbnail'><dl class='gallery-item'>\n\t\t\t<dt class='gallery-icon landscape'>\n\t\t\t\t<a href='https:\/\/vdh-sindelfingen.de\/wp-content\/uploads\/IMGP7530-800x465.jpg'><img loading=\"lazy\" decoding=\"async\" width=\"150\" height=\"150\" src=\"https:\/\/vdh-sindelfingen.de\/wp-content\/uploads\/IMGP7530-800x465-150x150.jpg\" class=\"attachment-thumbnail size-thumbnail\" alt=\"\" \/><\/a>\n\t\t\t<\/dt><\/dl><dl class='gallery-item'>\n\t\t\t<dt class='gallery-icon landscape'>\n\t\t\t\t<a href='https:\/\/vdh-sindelfingen.de\/wp-content\/uploads\/IMGP7707-800x534.jpg'><img loading=\"lazy\" decoding=\"async\" width=\"150\" height=\"150\" src=\"https:\/\/vdh-sindelfingen.de\/wp-content\/uploads\/IMGP7707-800x534-150x150.jpg\" class=\"attachment-thumbnail size-thumbnail\" alt=\"\" \/><\/a>\n\t\t\t<\/dt><\/dl><dl class='gallery-item'>\n\t\t\t<dt class='gallery-icon landscape'>\n\t\t\t\t<a href='https:\/\/vdh-sindelfingen.de\/wp-content\/uploads\/IMGP7650-800x530.jpg'><img loading=\"lazy\" decoding=\"async\" width=\"150\" height=\"150\" src=\"https:\/\/vdh-sindelfingen.de\/wp-content\/uploads\/IMGP7650-800x530-150x150.jpg\" class=\"attachment-thumbnail size-thumbnail\" alt=\"\" \/><\/a>\n\t\t\t<\/dt><\/dl><br style=\"clear: both\" \/><dl class='gallery-item'>\n\t\t\t<dt class='gallery-icon landscape'>\n\t\t\t\t<a href='https:\/\/vdh-sindelfingen.de\/wp-content\/uploads\/IMGP7476-800x526.jpg'><img loading=\"lazy\" decoding=\"async\" width=\"150\" height=\"150\" src=\"https:\/\/vdh-sindelfingen.de\/wp-content\/uploads\/IMGP7476-800x526-150x150.jpg\" class=\"attachment-thumbnail size-thumbnail\" alt=\"\" \/><\/a>\n\t\t\t<\/dt><\/dl><dl class='gallery-item'>\n\t\t\t<dt class='gallery-icon landscape'>\n\t\t\t\t<a href='https:\/\/vdh-sindelfingen.de\/wp-content\/uploads\/IMGP7481-800x520.jpg'><img loading=\"lazy\" decoding=\"async\" width=\"150\" height=\"150\" src=\"https:\/\/vdh-sindelfingen.de\/wp-content\/uploads\/IMGP7481-800x520-150x150.jpg\" class=\"attachment-thumbnail size-thumbnail\" alt=\"\" \/><\/a>\n\t\t\t<\/dt><\/dl><dl class='gallery-item'>\n\t\t\t<dt class='gallery-icon landscape'>\n\t\t\t\t<a href='https:\/\/vdh-sindelfingen.de\/wp-content\/uploads\/IMGP7688-800x501.jpg'><img loading=\"lazy\" decoding=\"async\" width=\"150\" height=\"150\" src=\"https:\/\/vdh-sindelfingen.de\/wp-content\/uploads\/IMGP7688-800x501-150x150.jpg\" class=\"attachment-thumbnail size-thumbnail\" alt=\"\" \/><\/a>\n\t\t\t<\/dt><\/dl><br style=\"clear: both\" \/><dl class='gallery-item'>\n\t\t\t<dt class='gallery-icon landscape'>\n\t\t\t\t<a href='https:\/\/vdh-sindelfingen.de\/wp-content\/uploads\/IMGP7523-800x405.jpg'><img loading=\"lazy\" decoding=\"async\" width=\"150\" height=\"150\" src=\"https:\/\/vdh-sindelfingen.de\/wp-content\/uploads\/IMGP7523-800x405-150x150.jpg\" class=\"attachment-thumbnail size-thumbnail\" alt=\"\" \/><\/a>\n\t\t\t<\/dt><\/dl><dl class='gallery-item'>\n\t\t\t<dt class='gallery-icon landscape'>\n\t\t\t\t<a href='https:\/\/vdh-sindelfingen.de\/wp-content\/uploads\/IMGP7623-800x495.jpg'><img loading=\"lazy\" decoding=\"async\" width=\"150\" height=\"150\" src=\"https:\/\/vdh-sindelfingen.de\/wp-content\/uploads\/IMGP7623-800x495-150x150.jpg\" class=\"attachment-thumbnail size-thumbnail\" alt=\"\" \/><\/a>\n\t\t\t<\/dt><\/dl><dl class='gallery-item'>\n\t\t\t<dt class='gallery-icon landscape'>\n\t\t\t\t<a href='https:\/\/vdh-sindelfingen.de\/wp-content\/uploads\/IMGP7733-800x519.jpg'><img loading=\"lazy\" decoding=\"async\" width=\"150\" height=\"150\" src=\"https:\/\/vdh-sindelfingen.de\/wp-content\/uploads\/IMGP7733-800x519-150x150.jpg\" class=\"attachment-thumbnail size-thumbnail\" alt=\"\" \/><\/a>\n\t\t\t<\/dt><\/dl><br style=\"clear: both\" \/><dl class='gallery-item'>\n\t\t\t<dt class='gallery-icon landscape'>\n\t\t\t\t<a href='https:\/\/vdh-sindelfingen.de\/wp-content\/uploads\/IMGP7485-800x522.jpg'><img loading=\"lazy\" decoding=\"async\" width=\"150\" height=\"150\" src=\"https:\/\/vdh-sindelfingen.de\/wp-content\/uploads\/IMGP7485-800x522-150x150.jpg\" class=\"attachment-thumbnail size-thumbnail\" alt=\"\" \/><\/a>\n\t\t\t<\/dt><\/dl><dl class='gallery-item'>\n\t\t\t<dt class='gallery-icon landscape'>\n\t\t\t\t<a href='https:\/\/vdh-sindelfingen.de\/wp-content\/uploads\/IMGP7720-800x529.jpg'><img loading=\"lazy\" decoding=\"async\" width=\"150\" height=\"150\" src=\"https:\/\/vdh-sindelfingen.de\/wp-content\/uploads\/IMGP7720-800x529-150x150.jpg\" class=\"attachment-thumbnail size-thumbnail\" alt=\"\" \/><\/a>\n\t\t\t<\/dt><\/dl><dl class='gallery-item'>\n\t\t\t<dt class='gallery-icon landscape'>\n\t\t\t\t<a href='https:\/\/vdh-sindelfingen.de\/wp-content\/uploads\/IMGP7535-800x248.jpg'><img loading=\"lazy\" decoding=\"async\" width=\"150\" height=\"150\" src=\"https:\/\/vdh-sindelfingen.de\/wp-content\/uploads\/IMGP7535-800x248-150x150.jpg\" class=\"attachment-thumbnail size-thumbnail\" alt=\"\" \/><\/a>\n\t\t\t<\/dt><\/dl><br style=\"clear: both\" \/><dl class='gallery-item'>\n\t\t\t<dt class='gallery-icon landscape'>\n\t\t\t\t<a href='https:\/\/vdh-sindelfingen.de\/wp-content\/uploads\/IMGP7504-800x390.jpg'><img loading=\"lazy\" decoding=\"async\" width=\"150\" height=\"150\" src=\"https:\/\/vdh-sindelfingen.de\/wp-content\/uploads\/IMGP7504-800x390-150x150.jpg\" class=\"attachment-thumbnail size-thumbnail\" alt=\"\" \/><\/a>\n\t\t\t<\/dt><\/dl><dl class='gallery-item'>\n\t\t\t<dt class='gallery-icon landscape'>\n\t\t\t\t<a href='https:\/\/vdh-sindelfingen.de\/wp-content\/uploads\/IMGP7497-800x527.jpg'><img loading=\"lazy\" decoding=\"async\" width=\"150\" height=\"150\" src=\"https:\/\/vdh-sindelfingen.de\/wp-content\/uploads\/IMGP7497-800x527-150x150.jpg\" class=\"attachment-thumbnail size-thumbnail\" alt=\"\" \/><\/a>\n\t\t\t<\/dt><\/dl><dl class='gallery-item'>\n\t\t\t<dt class='gallery-icon landscape'>\n\t\t\t\t<a href='https:\/\/vdh-sindelfingen.de\/wp-content\/uploads\/IMGP7675-800x529.jpg'><img loading=\"lazy\" decoding=\"async\" width=\"150\" height=\"150\" src=\"https:\/\/vdh-sindelfingen.de\/wp-content\/uploads\/IMGP7675-800x529-150x150.jpg\" class=\"attachment-thumbnail size-thumbnail\" alt=\"\" \/><\/a>\n\t\t\t<\/dt><\/dl><br style=\"clear: both\" \/><dl class='gallery-item'>\n\t\t\t<dt class='gallery-icon landscape'>\n\t\t\t\t<a href='https:\/\/vdh-sindelfingen.de\/wp-content\/uploads\/IMGP7666-800x508.jpg'><img loading=\"lazy\" decoding=\"async\" width=\"150\" height=\"150\" src=\"https:\/\/vdh-sindelfingen.de\/wp-content\/uploads\/IMGP7666-800x508-150x150.jpg\" class=\"attachment-thumbnail size-thumbnail\" alt=\"\" \/><\/a>\n\t\t\t<\/dt><\/dl><dl class='gallery-item'>\n\t\t\t<dt class='gallery-icon landscape'>\n\t\t\t\t<a href='https:\/\/vdh-sindelfingen.de\/wp-content\/uploads\/IMGP7500-800x529.jpg'><img loading=\"lazy\" decoding=\"async\" width=\"150\" height=\"150\" src=\"https:\/\/vdh-sindelfingen.de\/wp-content\/uploads\/IMGP7500-800x529-150x150.jpg\" class=\"attachment-thumbnail size-thumbnail\" alt=\"\" \/><\/a>\n\t\t\t<\/dt><\/dl><dl class='gallery-item'>\n\t\t\t<dt class='gallery-icon landscape'>\n\t\t\t\t<a href='https:\/\/vdh-sindelfingen.de\/wp-content\/uploads\/IMGP7801-800x466.jpg'><img loading=\"lazy\" decoding=\"async\" width=\"150\" height=\"150\" src=\"https:\/\/vdh-sindelfingen.de\/wp-content\/uploads\/IMGP7801-800x466-150x150.jpg\" class=\"attachment-thumbnail size-thumbnail\" alt=\"\" \/><\/a>\n\t\t\t<\/dt><\/dl><br style=\"clear: both\" \/><dl class='gallery-item'>\n\t\t\t<dt class='gallery-icon landscape'>\n\t\t\t\t<a href='https:\/\/vdh-sindelfingen.de\/wp-content\/uploads\/IMGP7518-800x486.jpg'><img loading=\"lazy\" decoding=\"async\" width=\"150\" height=\"150\" src=\"https:\/\/vdh-sindelfingen.de\/wp-content\/uploads\/IMGP7518-800x486-150x150.jpg\" class=\"attachment-thumbnail size-thumbnail\" alt=\"\" \/><\/a>\n\t\t\t<\/dt><\/dl><dl class='gallery-item'>\n\t\t\t<dt class='gallery-icon landscape'>\n\t\t\t\t<a href='https:\/\/vdh-sindelfingen.de\/wp-content\/uploads\/IMGP7471-800x513.jpg'><img loading=\"lazy\" decoding=\"async\" width=\"150\" height=\"150\" src=\"https:\/\/vdh-sindelfingen.de\/wp-content\/uploads\/IMGP7471-800x513-150x150.jpg\" class=\"attachment-thumbnail size-thumbnail\" alt=\"\" \/><\/a>\n\t\t\t<\/dt><\/dl><dl class='gallery-item'>\n\t\t\t<dt class='gallery-icon landscape'>\n\t\t\t\t<a href='https:\/\/vdh-sindelfingen.de\/wp-content\/uploads\/IMGP7709-800x456.jpg'><img loading=\"lazy\" decoding=\"async\" width=\"150\" height=\"150\" src=\"https:\/\/vdh-sindelfingen.de\/wp-content\/uploads\/IMGP7709-800x456-150x150.jpg\" class=\"attachment-thumbnail size-thumbnail\" alt=\"\" \/><\/a>\n\t\t\t<\/dt><\/dl><br style=\"clear: both\" \/>\n\t\t<\/div>\n\n","protected":false},"excerpt":{"rendered":"<p>Kurszeiten: Die Welpengruppen treffen sich immer Montags zwischen 18 und 19 Uhr. Die Einteilung erfolgt nach Alter und Gr\u00f6\u00dfe. Hier geht es zur Anmeldung. Eine Teilnahme ist nur nach vorheriger Anmeldung \u00fcber das Online-Formular m\u00f6glich. Kursinhalt: Die Welpenzeit ist eine wichtige Phase in der Entwicklung Ihres Hundes. Der Welpe entdeckt seine Umwelt und lernt in &hellip; <\/p>\n<p><a class=\"more-link btn\" href=\"https:\/\/vdh-sindelfingen.de\/?page_id=44\">Weiterlesen<\/a><\/p>\n","protected":false},"author":4,"featured_media":890,"parent":17,"menu_order":0,"comment_status":"open","ping_status":"open","template":"","meta":{"pmpro_default_level":"","_mc_calendar":[],"footnotes":""},"class_list":["post-44","page","type-page","status-publish","has-post-thumbnail","hentry","pmpro-has-access","nodate","item-wrap"],"_links":{"self":[{"href":"https:\/\/vdh-sindelfingen.de\/index.php?rest_route=\/wp\/v2\/pages\/44","targetHints":{"allow":["GET"]}}],"collection":[{"href":"https:\/\/vdh-sindelfingen.de\/index.php?rest_route=\/wp\/v2\/pages"}],"about":[{"href":"https:\/\/vdh-sindelfingen.de\/index.php?rest_route=\/wp\/v2\/types\/page"}],"author":[{"embeddable":true,"href":"https:\/\/vdh-sindelfingen.de\/index.php?rest_route=\/wp\/v2\/users\/4"}],"replies":[{"embeddable":true,"href":"https:\/\/vdh-sindelfingen.de\/index.php?rest_route=%2Fwp%2Fv2%2Fcomments&post=44"}],"version-history":[{"count":5,"href":"https:\/\/vdh-sindelfingen.de\/index.php?rest_route=\/wp\/v2\/pages\/44\/revisions"}],"predecessor-version":[{"id":4230,"href":"https:\/\/vdh-sindelfingen.de\/index.php?rest_route=\/wp\/v2\/pages\/44\/revisions\/4230"}],"up":[{"embeddable":true,"href":"https:\/\/vdh-sindelfingen.de\/index.php?rest_route=\/wp\/v2\/pages\/17"}],"wp:featuredmedia":[{"embeddable":true,"href":"https:\/\/vdh-sindelfingen.de\/index.php?rest_route=\/wp\/v2\/media\/890"}],"wp:attachment":[{"href":"https:\/\/vdh-sindelfingen.de\/index.php?rest_route=%2Fwp%2Fv2%2Fmedia&parent=44"}],"curies":[{"name":"wp","href":"https:\/\/api.w.org\/{rel}","templated":true}]}}