{"id":53,"date":"2014-04-20T01:07:10","date_gmt":"2014-04-19T23:07:10","guid":{"rendered":"http:\/\/vdh-sindelfingen.de\/CMS\/?page_id=53"},"modified":"2025-07-15T19:26:58","modified_gmt":"2025-07-15T17:26:58","slug":"startseite","status":"publish","type":"page","link":"https:\/\/vdh-sindelfingen.de\/","title":{"rendered":"Home"},"content":{"rendered":"<h1>Willkommen beim Verein der Hundefreunde Sindelfingen e.V.!<\/h1>\n<p>Ob Rassehund oder Stra\u00dfenmischling bei uns kann jeder mitmachen. Wir begleiten den Welpen bis zum Senior auf seinem Lern- und Lebensweg. Das Team im Eichholzer T\u00e4le in Sindelfingen steht jeder Zeit mit Rat und Tat zur Seite sowie mit verschiedenen Veranstaltungen \u00fcber das Jahr hinweg f\u00fcr eine starke Gemeinschaft ein.<\/p>\n<p>Wir freuen uns Sie im Eichholzer T\u00e4le schon bald begr\u00fc\u00dfen zu d\u00fcrfen!<\/p>\n\n\n<figure class=\"wp-block-image size-large\"><img loading=\"lazy\" decoding=\"async\" width=\"1024\" height=\"414\" src=\"https:\/\/vdh-sindelfingen.de\/wp-content\/uploads\/05_Logo_Platinum_schwarz-1024x414.jpg\" alt=\"\" class=\"wp-image-4550\" srcset=\"https:\/\/vdh-sindelfingen.de\/wp-content\/uploads\/05_Logo_Platinum_schwarz-1024x414.jpg 1024w, https:\/\/vdh-sindelfingen.de\/wp-content\/uploads\/05_Logo_Platinum_schwarz-300x121.jpg 300w, https:\/\/vdh-sindelfingen.de\/wp-content\/uploads\/05_Logo_Platinum_schwarz-768x311.jpg 768w, https:\/\/vdh-sindelfingen.de\/wp-content\/uploads\/05_Logo_Platinum_schwarz-750x304.jpg 750w, https:\/\/vdh-sindelfingen.de\/wp-content\/uploads\/05_Logo_Platinum_schwarz.jpg 1364w\" sizes=\"auto, (max-width: 1024px) 100vw, 1024px\" \/><\/figure>\n","protected":false},"excerpt":{"rendered":"<p>Willkommen beim Verein der Hundefreunde Sindelfingen e.V.! Ob Rassehund oder Stra\u00dfenmischling bei uns kann jeder mitmachen. Wir begleiten den Welpen bis zum Senior auf seinem Lern- und Lebensweg. Das Team im Eichholzer T\u00e4le in Sindelfingen steht jeder Zeit mit Rat und Tat zur Seite sowie mit verschiedenen Veranstaltungen \u00fcber das Jahr hinweg f\u00fcr eine starke &hellip; <\/p>\n<p><a class=\"more-link btn\" href=\"https:\/\/vdh-sindelfingen.de\/\">Weiterlesen<\/a><\/p>\n","protected":false},"author":4,"featured_media":0,"parent":0,"menu_order":0,"comment_status":"open","ping_status":"open","template":"template-twocolumnsleft.php","meta":{"pmpro_default_level":"","_mc_calendar":[],"footnotes":""},"class_list":["post-53","page","type-page","status-publish","hentry","pmpro-has-access","nodate","item-wrap"],"_links":{"self":[{"href":"https:\/\/vdh-sindelfingen.de\/index.php?rest_route=\/wp\/v2\/pages\/53","targetHints":{"allow":["GET"]}}],"collection":[{"href":"https:\/\/vdh-sindelfingen.de\/index.php?rest_route=\/wp\/v2\/pages"}],"about":[{"href":"https:\/\/vdh-sindelfingen.de\/index.php?rest_route=\/wp\/v2\/types\/page"}],"author":[{"embeddable":true,"href":"https:\/\/vdh-sindelfingen.de\/index.php?rest_route=\/wp\/v2\/users\/4"}],"replies":[{"embeddable":true,"href":"https:\/\/vdh-sindelfingen.de\/index.php?rest_route=%2Fwp%2Fv2%2Fcomments&post=53"}],"version-history":[{"count":3,"href":"https:\/\/vdh-sindelfingen.de\/index.php?rest_route=\/wp\/v2\/pages\/53\/revisions"}],"predecessor-version":[{"id":4551,"href":"https:\/\/vdh-sindelfingen.de\/index.php?rest_route=\/wp\/v2\/pages\/53\/revisions\/4551"}],"wp:attachment":[{"href":"https:\/\/vdh-sindelfingen.de\/index.php?rest_route=%2Fwp%2Fv2%2Fmedia&parent=53"}],"curies":[{"name":"wp","href":"https:\/\/api.w.org\/{rel}","templated":true}]}}