{"id":67,"date":"2014-04-20T15:10:02","date_gmt":"2014-04-20T13:10:02","guid":{"rendered":"http:\/\/vdh-sindelfingen.de\/CMS\/?page_id=67"},"modified":"2024-03-24T22:54:59","modified_gmt":"2024-03-24T20:54:59","slug":"jugendvorstand","status":"publish","type":"page","link":"https:\/\/vdh-sindelfingen.de\/?page_id=67","title":{"rendered":"Jugendvorstand"},"content":{"rendered":"<table style=\"height: 402px; width: 100%;\">\n<tbody>\n<tr style=\"height: 282px;\">\n<td style=\"height: 282px; width: 734.5px;\"><strong>Jugendleiterin<img loading=\"lazy\" decoding=\"async\" class=\"wp-image-3884 size-medium alignright\" src=\"https:\/\/vdh-sindelfingen.de\/wp-content\/uploads\/Svenja-e1651866020604-228x300.jpg\" alt=\"\" width=\"228\" height=\"300\" srcset=\"https:\/\/vdh-sindelfingen.de\/wp-content\/uploads\/Svenja-e1651866020604-228x300.jpg 228w, https:\/\/vdh-sindelfingen.de\/wp-content\/uploads\/Svenja-e1651866020604-778x1024.jpg 778w, https:\/\/vdh-sindelfingen.de\/wp-content\/uploads\/Svenja-e1651866020604-768x1011.jpg 768w, https:\/\/vdh-sindelfingen.de\/wp-content\/uploads\/Svenja-e1651866020604-750x987.jpg 750w, https:\/\/vdh-sindelfingen.de\/wp-content\/uploads\/Svenja-e1651866020604.jpg 945w\" sizes=\"auto, (max-width: 228px) 100vw, 228px\" \/><\/strong><\/p>\n<p><i>Svenja <\/i>ist die Jugendleiterin des VdH Sindelfingens.<\/p>\n<p>Nachdem sie jahrelang selbst eine Jugendliche im Verein war, wei\u00df sie aus eigener Erfahrung, was die Jugendlichen sich w\u00fcnschen. Svenja organisiert Veranstaltungen f\u00fcr und mit den Jugendlichen, begleitet sie auf Aktionen der Kreisgruppe, f\u00e4hrt mit auf Turniere und leitet die Jugend-Trainingsgruppe am Mittwoch Nachmittag.<\/td>\n<td style=\"height: 282px; width: 17.25px;\"><\/td>\n<\/tr>\n<tr style=\"height: 40px;\">\n<td style=\"height: 40px; width: 734.5px;\"><strong>Stellvertreterin<\/strong><\/p>\n<p><em>Celina <\/em>\u00a0ist Svenjas Stellvertreterin.<\/p>\n<p>Sie organisiert zusammen mit Svenja das Training in der Jugendgruppe.<\/td>\n<td style=\"height: 40px; width: 17.25px;\"><\/td>\n<\/tr>\n<tr style=\"height: 40px;\">\n<td style=\"height: 40px; width: 734.5px;\"><strong>Schriftf\u00fchrerin<\/strong><\/p>\n<p><em>Linea &amp; Annika <\/em>haben im Jugendvorstand die Aufgabe der Schriftf\u00fchrerin.<\/p>\n<p>Sie gestalten Einladungen, tippen Protokolle und \u00fcbernehmen dar\u00fcber hinaus auch andere Aufgaben. Sie haben einen guten Draht zu den Jugendlichen.<\/td>\n<td style=\"height: 40px; width: 17.25px;\"><\/td>\n<\/tr>\n<tr style=\"height: 40px;\">\n<td style=\"height: 40px; width: 734.5px;\"><strong>Kassenwart<\/strong><\/p>\n<p><em>Matilda<\/em> hat die \u00dcbersicht \u00fcber die Kasse. Sie ist auch bei allen Jugendaktivit\u00e4ten des Vereins mit dabei und plant die Ausgaben und verwaltet das Geld.<\/td>\n<td style=\"height: 40px; width: 17.25px;\"><\/td>\n<\/tr>\n<\/tbody>\n<\/table>\n","protected":false},"excerpt":{"rendered":"<p>Jugendleiterin Svenja ist die Jugendleiterin des VdH Sindelfingens. Nachdem sie jahrelang selbst eine Jugendliche im Verein war, wei\u00df sie aus eigener Erfahrung, was die Jugendlichen sich w\u00fcnschen. Svenja organisiert Veranstaltungen f\u00fcr und mit den Jugendlichen, begleitet sie auf Aktionen der Kreisgruppe, f\u00e4hrt mit auf Turniere und leitet die Jugend-Trainingsgruppe am Mittwoch Nachmittag. Stellvertreterin Celina \u00a0ist &hellip; <\/p>\n<p><a class=\"more-link btn\" href=\"https:\/\/vdh-sindelfingen.de\/?page_id=67\">Weiterlesen<\/a><\/p>\n","protected":false},"author":4,"featured_media":0,"parent":24,"menu_order":0,"comment_status":"open","ping_status":"open","template":"","meta":{"pmpro_default_level":"","_mc_calendar":[],"footnotes":""},"class_list":["post-67","page","type-page","status-publish","hentry","pmpro-has-access","nodate","item-wrap"],"_links":{"self":[{"href":"https:\/\/vdh-sindelfingen.de\/index.php?rest_route=\/wp\/v2\/pages\/67","targetHints":{"allow":["GET"]}}],"collection":[{"href":"https:\/\/vdh-sindelfingen.de\/index.php?rest_route=\/wp\/v2\/pages"}],"about":[{"href":"https:\/\/vdh-sindelfingen.de\/index.php?rest_route=\/wp\/v2\/types\/page"}],"author":[{"embeddable":true,"href":"https:\/\/vdh-sindelfingen.de\/index.php?rest_route=\/wp\/v2\/users\/4"}],"replies":[{"embeddable":true,"href":"https:\/\/vdh-sindelfingen.de\/index.php?rest_route=%2Fwp%2Fv2%2Fcomments&post=67"}],"version-history":[{"count":15,"href":"https:\/\/vdh-sindelfingen.de\/index.php?rest_route=\/wp\/v2\/pages\/67\/revisions"}],"predecessor-version":[{"id":4409,"href":"https:\/\/vdh-sindelfingen.de\/index.php?rest_route=\/wp\/v2\/pages\/67\/revisions\/4409"}],"up":[{"embeddable":true,"href":"https:\/\/vdh-sindelfingen.de\/index.php?rest_route=\/wp\/v2\/pages\/24"}],"wp:attachment":[{"href":"https:\/\/vdh-sindelfingen.de\/index.php?rest_route=%2Fwp%2Fv2%2Fmedia&parent=67"}],"curies":[{"name":"wp","href":"https:\/\/api.w.org\/{rel}","templated":true}]}}